{"id":993,"date":"2019-07-20T21:32:21","date_gmt":"2019-07-20T19:32:21","guid":{"rendered":"https:\/\/anjelinazemi.eu\/?post_type=product&#038;p=993"},"modified":"2025-01-16T23:50:17","modified_gmt":"2025-01-16T22:50:17","slug":"konopka-s-tekvicovym-olejom","status":"publish","type":"product","link":"https:\/\/anjelinazemi.eu\/en\/obchod\/superpotraviny\/konopka-s-tekvicovym-olejom\/","title":{"rendered":"KONOPKA S TEKVICOV\u00ddM OLEJOM"},"content":{"rendered":"<p style=\"text-align: justify;\">Obsiahnut\u00fd\u00a0<strong>konopn\u00fd olej<\/strong>\u00a0\u00a0je pln\u00fd vitam\u00ednov (A, B1, B2, B6, C a E, chlorofyl, lecit\u00edn) a \u00fa\u010dinne chr\u00e1ni pred vys\u00fa\u0161an\u00edm i infekciami.\u00a0Udr\u017euje ple\u0165 pru\u017en\u00fa a vl\u00e1\u010dnu a pritom m\u00e1 siln\u00e9 protiz\u00e1palov\u00e9, regenera\u010dn\u00e9, antibakteri\u00e1lne a antioxida\u010dn\u00e9 \u00fa\u010dinky.<\/p>\n<p style=\"text-align: justify;\"><strong>Tekvicov\u00fd olej<\/strong>\u00a0\u00a0v\u010faka ve\u013ek\u00e9mu mno\u017estvo zinku spo\u013eahlivo upravuje aj ekzematick\u00fa, probl\u00e9mov\u00fa a akn\u00f3znu ple\u0165.\u00a0Odstra\u0148uje nadmern\u00e9 mastenie a likviduje zv\u00e4\u010d\u0161en\u00e9 p\u00f3ry pleti.\u00a0Zmier\u0148uje atopick\u00fd ekz\u00e9m i lupienku.\u00a0Je prevenciou proti stri\u00e1m.<\/p>\n<p style=\"text-align: justify;\"><strong>Zlo\u017eenie:<\/strong> \u00a0Bambuck\u00e9 maslo, vazel\u00edna, konopn\u00fd olej, tekvicov\u00fd olej, v\u010del\u00ed vosk, vitam\u00edn E<\/p>\n<p style=\"text-align: justify;\"><strong>Skladovanie:<\/strong>\u00a0Uchov\u00e1vajte v izbovej teplote, chr\u00e1\u0148te pred slnkom.<\/p>\n<p style=\"text-align: justify;\"><strong>V\u0161eobecn\u00e9 \u00fadaje:<\/strong>\u00a0Neu\u017e\u00edva\u0165 vn\u00fatorne.\u00a0Nie je vhodn\u00e9 pre deti do 3 rokov.\u00a0Mo\u017eno precitlivenos\u0165 na obsiahnut\u00e9 l\u00e1tky.<\/p>","protected":false},"excerpt":{"rendered":"<h4><strong>Na problematick\u00fa poko\u017eku<\/strong><\/h4>\n<p style=\"text-align: justify;\">Konopka odpor\u00fa\u010dame najm\u00e4 na akn\u00f3znu, ekzematick\u00fa a citliv\u00fa poko\u017eku.\u00a0Ple\u0165 upokojuje, vy\u017eivuje, regeneruje a dok\u00e1\u017ee u\u013eavi\u0165 od bolesti i k\u013abom a svalom.<\/p>\n<p><strong>Obsah: 50 ml<\/strong><\/p>","protected":false},"featured_media":995,"comment_status":"open","ping_status":"closed","template":"","meta":[],"product_cat":[17],"product_tag":[],"_links":{"self":[{"href":"https:\/\/anjelinazemi.eu\/en\/wp-json\/wp\/v2\/product\/993"}],"collection":[{"href":"https:\/\/anjelinazemi.eu\/en\/wp-json\/wp\/v2\/product"}],"about":[{"href":"https:\/\/anjelinazemi.eu\/en\/wp-json\/wp\/v2\/types\/product"}],"replies":[{"embeddable":true,"href":"https:\/\/anjelinazemi.eu\/en\/wp-json\/wp\/v2\/comments?post=993"}],"wp:featuredmedia":[{"embeddable":true,"href":"https:\/\/anjelinazemi.eu\/en\/wp-json\/wp\/v2\/media\/995"}],"wp:attachment":[{"href":"https:\/\/anjelinazemi.eu\/en\/wp-json\/wp\/v2\/media?parent=993"}],"wp:term":[{"taxonomy":"product_cat","embeddable":true,"href":"https:\/\/anjelinazemi.eu\/en\/wp-json\/wp\/v2\/product_cat?post=993"},{"taxonomy":"product_tag","embeddable":true,"href":"https:\/\/anjelinazemi.eu\/en\/wp-json\/wp\/v2\/product_tag?post=993"}],"curies":[{"name":"wp","href":"https:\/\/api.w.org\/{rel}","templated":true}]}}