{"id":624,"date":"2019-03-28T09:51:41","date_gmt":"2019-03-28T08:51:41","guid":{"rendered":"https:\/\/anjelinazemi.eu\/?post_type=product&#038;p=624"},"modified":"2025-02-11T18:52:52","modified_gmt":"2025-02-11T17:52:52","slug":"macachiote","status":"publish","type":"product","link":"https:\/\/anjelinazemi.eu\/en\/obchod\/tinktury\/macachiote\/","title":{"rendered":"MACACHIOTE<br>Posilnenie potencie"},"content":{"rendered":"<p style=\"text-align: justify;\">Pri zostaven\u00ed tohto produktu bolo vyu\u017eit\u00e9 poznatkov indi\u00e1nske a v\u00fdchodnej fytomedic\u00edny, ktor\u00e1 vyu\u017e\u00edva po st\u00e1ro\u010dia jednotliv\u00e9 zlo\u017eky k posilneniu potencie a upravenie hladiny mu\u017esk\u00fdch horm\u00f3nov, zv\u00fd\u0161enie plodnosti a libida u mu\u017eov, ale aj u \u017eien a k celkov\u00e9mu osvie\u017eenie organizmu.<\/p>\n<p style=\"text-align: justify;\"><strong>Zlo\u017eenie:<\/strong>\u00a0Maca (Lepidium meyenii-radix) Achiote (Bixa<br \/>\norellana-folium) Kotvi\u010dn\u00edk (Tribulus terrestris-herba), neobsahuje lieh<\/p>\n<p style=\"text-align: justify;\">200g byl\u00edn v 1l roztoku.\u00a0Obsah Kotvi\u010dn\u00edku v dennej d\u00e1vke je 210mg.<\/p>\n<p style=\"text-align: justify;\"><strong>D\u00e1vkovanie:<\/strong> 7 kvapiek 2-3x denne, neprekra\u010dujte denn\u00e9 d\u00e1vkovanie.\u00a0Pred pou\u017eit\u00edm pretrepa\u0165.<\/p>\n<p style=\"text-align: justify;\">Pri zostaven\u00ed tohto produktu bolo vyu\u017eit\u00e9 poznatkov indi\u00e1nske a v\u00fdchodnej fytomedic\u00edny, ktor\u00e1 vyu\u017e\u00edva po st\u00e1ro\u010dia jednotliv\u00e9 zlo\u017eky k posilneniu potencie a upravenie hladiny mu\u017esk\u00fdch horm\u00f3nov, zv\u00fd\u0161enie plodnosti a libida u mu\u017eov, ale aj u \u017eien.\u00a0A k celkov\u00e9mu osvie\u017eenie organizmu.<\/p>\n<p style=\"text-align: justify;\">Pre zosilnenie \u00fa\u010dinku je mo\u017en\u00e9 kombinova\u0165 e\u0161te s u\u017e\u00edvan\u00edm Macy bielej, \u010dervenej \u010di \u010diernej.\u00a0Tie\u017e je vhodn\u00e9 s\u00fabe\u017ene u\u017e\u00edva\u0165 k celkovej podpore organizmu Camu-Camu \u010di Lucumu.<\/p>\n<p style=\"text-align: justify;\">U \u017eien je mo\u017en\u00e9 kombinova\u0165 pou\u017e\u00edvanie tohto extraktu s Aguaje.<\/p>\n<p style=\"text-align: justify;\"><strong>Skladovanie:<\/strong>\u00a0Neskladova\u0165 na priamom slnku a v mraze.<br \/>\nV\u0161eobecn\u00e9 \u00fadaje: V\u00fdrobok nie je ur\u010den\u00fd ako n\u00e1hrada pestrej stravy.\u00a0Nie je vhodn\u00e9 pre deti do 3 rokov, tehotn\u00e9 a doj\u010diace \u017eeny.\u00a0Uchovajte mimo dosahu det\u00ed.\u00a0Pr\u00edpadn\u00fd z\u00e1kal nie je na z\u00e1vadu.\u00a0Mo\u017eno precitlivenos\u0165 na obsiahnut\u00e9 l\u00e1tky.<\/p>\n<p><strong>V\u00fdrobca:<\/strong>\u00a0Jana Mar\u00e1\u0161kov\u00e1, Po\u013enohospod\u00e1rske 3, Praha 6, 160 00, \u010cR<\/p>\n<p style=\"text-align: center;\">Tu si m\u00f4\u017eete zadarmo stiahnu\u0165 materi\u00e1ly na \u010d\u00edtanie, ktor\u00e9 sme pre V\u00e1s pripravili.\u00a0Kliknite na vybran\u00fd odkaz ni\u017e\u0161ie a dokument PDF sa V\u00e1m automaticky otvor\u00ed. Prajeme pr\u00edjemn\u00e9 \u010d\u00edtanie.<\/p>\n<p>[button title=&#8220;SUPEREXTRAKTY&#8220; textcolor=&#8220;#ffffff&#8220; width=&#8220;350px&#8220; url=&#8220;https:\/\/anjelinazemi.eu\/wp-content\/uploads\/2019\/03\/SUPEREXTRAKTY.pdf&#8220; urlnewwindow=&#8220;1&#8243; bgcolor=&#8220;#94ad21&#8243; align=&#8220;left&#8220;]<\/p>\n<p>[button title=&#8220;AMAZONSK\u00dd PROTIPARAZIT\u00c1RNY PROTOKOL&#8220; textcolor=&#8220;#ffffff&#8220; width=&#8220;350px&#8220; url=&#8220;https:\/\/anjelinazemi.eu\/wp-content\/uploads\/2019\/03\/AMAZONSK\u00dd-PROTIPARAZIT\u00c1RNY-PROTOKOL.pdf&#8220; urlnewwindow=&#8220;1&#8243; bgcolor=&#8220;#94ad21&#8243; align=&#8220;right&#8220;]<\/p>","protected":false},"excerpt":{"rendered":"<p style=\"text-align: justify;\">K posilneniu potencie a upravenie hladiny mu\u017esk\u00fdch horm\u00f3nov, zv\u00fd\u0161enie plodnosti a libida u mu\u017eov ale aj u \u017eien a k celkov\u00e9mu osvie\u017eenie organizmu<\/p>\n<p><strong>Obsah: 50ml<\/strong><\/p>","protected":false},"featured_media":1112,"comment_status":"closed","ping_status":"closed","template":"","meta":[],"product_cat":[93],"product_tag":[],"_links":{"self":[{"href":"https:\/\/anjelinazemi.eu\/en\/wp-json\/wp\/v2\/product\/624"}],"collection":[{"href":"https:\/\/anjelinazemi.eu\/en\/wp-json\/wp\/v2\/product"}],"about":[{"href":"https:\/\/anjelinazemi.eu\/en\/wp-json\/wp\/v2\/types\/product"}],"replies":[{"embeddable":true,"href":"https:\/\/anjelinazemi.eu\/en\/wp-json\/wp\/v2\/comments?post=624"}],"wp:featuredmedia":[{"embeddable":true,"href":"https:\/\/anjelinazemi.eu\/en\/wp-json\/wp\/v2\/media\/1112"}],"wp:attachment":[{"href":"https:\/\/anjelinazemi.eu\/en\/wp-json\/wp\/v2\/media?parent=624"}],"wp:term":[{"taxonomy":"product_cat","embeddable":true,"href":"https:\/\/anjelinazemi.eu\/en\/wp-json\/wp\/v2\/product_cat?post=624"},{"taxonomy":"product_tag","embeddable":true,"href":"https:\/\/anjelinazemi.eu\/en\/wp-json\/wp\/v2\/product_tag?post=624"}],"curies":[{"name":"wp","href":"https:\/\/api.w.org\/{rel}","templated":true}]}}