{"id":613,"date":"2019-03-27T14:19:11","date_gmt":"2019-03-27T13:19:11","guid":{"rendered":"https:\/\/anjelinazemi.eu\/?post_type=product&#038;p=613"},"modified":"2025-02-11T18:56:38","modified_gmt":"2025-02-11T17:56:38","slug":"dragosana","status":"publish","type":"product","link":"https:\/\/anjelinazemi.eu\/en\/obchod\/tinktury\/dragosana\/","title":{"rendered":"DRAGOSANA<br>V\u00edrusy na \u00fateku"},"content":{"rendered":"<p style=\"text-align: justify;\">Tento produkt bol naprojektovan\u00fd na z\u00e1klade sk\u00fasenost\u00ed etnomedic\u00edny juhoamerick\u00fdch indi\u00e1nov, ktor\u00ed zlo\u017eky tohto extraktu s \u00faspechom pou\u017e\u00edvali na odstr\u00e1nenie v\u00edrusov, po\u010dn\u00fac treba v\u00edrusom herpesu, medzi ktor\u00e9 patr\u00ed aj ve\u013emi roz\u0161\u00edren\u00fd v\u00edrus EBV a CMV a v\u00edrusy sp\u00f4sobuj\u00face opary, a\u017e po likvid\u00e1ciu v\u00edrusov druhu HIV.<\/p>\n<p style=\"text-align: justify;\"><strong>Zlo\u017eenie:<\/strong>\u00a0Jergon Sacha (Dracontium loretense-radix), Vilcacora (Uncaria tomentosa-Cortex), Ubos (Spondias mombin-Cortex.), Neobsahuje lieh<br \/>\n200g byl\u00edn v 1l roztoku.<\/p>\n<p style=\"text-align: justify;\"><strong>Skladovanie:<\/strong>\u00a0Neskladova\u0165 na priamom slnku a v mraze.<\/p>\n<p style=\"text-align: justify;\"><strong>V\u0161eobecn\u00e9 \u00fadaje:<\/strong>\u00a0V\u00fdrobok nie je ur\u010den\u00fd ako n\u00e1hrada pestrej stravy.\u00a0Nie je vhodn\u00e9 pre deti do 3 rokov, tehotn\u00e9 a doj\u010diace \u017eeny.\u00a0Uchovajte mimo dosahu det\u00ed.\u00a0Pr\u00edpadn\u00fd z\u00e1kal nie je na z\u00e1vadu.\u00a0Mo\u017eno precitlivenos\u0165 na obsiahnut\u00e9 l\u00e1tky.<\/p>\n<p style=\"text-align: justify;\">Pou\u017eitie produktu\u00a0<strong>DRAGOSANA<\/strong>\u00a0v\u00a0<strong>protiv\u00edrusovej k\u00fare<\/strong>\u00a0:<\/p>\n<p style=\"text-align: justify;\">Zlo\u017eenie: Dragosana, Dra\u010dia krv, Jergon Sacha &#8211; v\u0161etky zlo\u017eky u\u017e\u00edva\u0165 soub\u011b\u017een\u011b, ale nie v rovnakej chv\u00edli.<\/p>\n<p style=\"text-align: justify;\">\u00a0&#8211; Dragosana 3&#215;7 kvapiek denne.\u00a0Odpor\u00fa\u010dame za\u010da\u0165 na men\u0161\u00edch d\u00e1vkach, treba 3&#215;3 kvapky a zvo\u013ena zvy\u0161ova\u0165.<\/p>\n<p style=\"text-align: justify;\">&#8211; Dra\u010dia krv od 4 kvapiek denne a ka\u017ed\u00fd de\u0148 zvy\u0161ova\u0165 d\u00e1vku o 2 kvapky denne a\u017e na denn\u00fa d\u00e1vku 20 -30 kvapiek denne, pod\u013ea hmotnosti a citlivosti u\u017e\u00edvaj\u00faceho.<\/p>\n<p style=\"text-align: justify;\">-Jergon Sacha, u\u017e\u00edva\u0165 1- 2 ly\u017ei\u010dky denne.<\/p>\n<p style=\"text-align: justify;\">K\u00faru, pod\u013ea z\u00e1va\u017enosti ochorenia, je potrebn\u00e9 dr\u017ea\u0165 dlhoro\u010dn\u00fa &#8211; 2 &#8211; 4 mesiace, s mal\u00fdmi prest\u00e1vkami po dou\u017e\u00edvan\u00ed ka\u017edej f\u013ea\u0161ti\u010dky Dragosany (5 dn\u00ed)<\/p>\n<p style=\"text-align: justify;\">V z\u00e1va\u017en\u00fdch pr\u00edpadoch (v\u00fdskyt p\u00e1sov\u00fdch oparov a pod.) Je potrebn\u00e9 cel\u00fa k\u00faru nieko\u013ekokr\u00e1t opakova\u0165.<\/p>\n<p style=\"text-align: justify;\">U\u017e\u00edvanie Dragosany je op\u00e4\u0165 vhodn\u00e9 skombinova\u0165 s u\u017e\u00edvan\u00edm Dra\u010dej krvi, od mal\u00fdch d\u00e1vok 2 x 2 kapky denne a ka\u017ed\u00fd de\u0148 prid\u00e1va\u0165 o 2 kvapky a\u017e do d\u00e1vky 10 &#8211; 15 kvapiek 2 x denne. A to pod\u013ea zn\u00e1\u0161anlivosti produktu, alebo pod\u013ea hmotnosti u\u017e\u00edvaj\u00faceho.<\/p>\n<p style=\"text-align: center;\">Tu si m\u00f4\u017eete zadarmo stiahnu\u0165 materi\u00e1ly na \u010d\u00edtanie, ktor\u00e9 sme pre V\u00e1s pripravili.\u00a0Kliknite na vybran\u00fd odkaz ni\u017e\u0161ie a dokument PDF sa V\u00e1m automaticky otvor\u00ed. Prajeme pr\u00edjemn\u00e9 \u010d\u00edtanie.<\/p>\n<p>[button title=&#8220;SUPEREXTRAKTY&#8220; textcolor=&#8220;#ffffff&#8220; width=&#8220;350px&#8220; url=&#8220;https:\/\/anjelinazemi.eu\/wp-content\/uploads\/2019\/03\/SUPEREXTRAKTY.pdf&#8220; urlnewwindow=&#8220;1&#8243; bgcolor=&#8220;#94ad21&#8243; align=&#8220;left&#8220;]<\/p>\n<p>[button title=&#8220;AMAZONSK\u00dd PROTIPARAZIT\u00c1RNY PROTOKOL&#8220; textcolor=&#8220;#ffffff&#8220; width=&#8220;350px&#8220; url=&#8220;https:\/\/anjelinazemi.eu\/wp-content\/uploads\/2019\/03\/AMAZONSK\u00dd-PROTIPARAZIT\u00c1RNY-PROTOKOL.pdf&#8220; urlnewwindow=&#8220;1&#8243; bgcolor=&#8220;#94ad21&#8243; align=&#8220;right&#8220;]<\/p>","protected":false},"excerpt":{"rendered":"<p style=\"text-align: justify;\">Na odstr\u00e1nenie v\u00edrusov, po\u010dn\u00fac treba v\u00edrusom herpesu, medzi ktor\u00e9 patr\u00ed aj ve\u013emi roz\u0161\u00edren\u00fd v\u00edrus EBV a CMV a v\u00edrusy sp\u00f4sobuj\u00face opary, a\u017e po likvid\u00e1ciu v\u00edrusov druhu HIV.<\/p>\n<p><strong>Obsah: 50ml<\/strong><\/p>","protected":false},"featured_media":1113,"comment_status":"closed","ping_status":"closed","template":"","meta":[],"product_cat":[93],"product_tag":[],"_links":{"self":[{"href":"https:\/\/anjelinazemi.eu\/en\/wp-json\/wp\/v2\/product\/613"}],"collection":[{"href":"https:\/\/anjelinazemi.eu\/en\/wp-json\/wp\/v2\/product"}],"about":[{"href":"https:\/\/anjelinazemi.eu\/en\/wp-json\/wp\/v2\/types\/product"}],"replies":[{"embeddable":true,"href":"https:\/\/anjelinazemi.eu\/en\/wp-json\/wp\/v2\/comments?post=613"}],"wp:featuredmedia":[{"embeddable":true,"href":"https:\/\/anjelinazemi.eu\/en\/wp-json\/wp\/v2\/media\/1113"}],"wp:attachment":[{"href":"https:\/\/anjelinazemi.eu\/en\/wp-json\/wp\/v2\/media?parent=613"}],"wp:term":[{"taxonomy":"product_cat","embeddable":true,"href":"https:\/\/anjelinazemi.eu\/en\/wp-json\/wp\/v2\/product_cat?post=613"},{"taxonomy":"product_tag","embeddable":true,"href":"https:\/\/anjelinazemi.eu\/en\/wp-json\/wp\/v2\/product_tag?post=613"}],"curies":[{"name":"wp","href":"https:\/\/api.w.org\/{rel}","templated":true}]}}