{"id":543,"date":"2019-03-03T12:06:42","date_gmt":"2019-03-03T11:06:42","guid":{"rendered":"https:\/\/anjelinazemi.eu\/?post_type=product&#038;p=543"},"modified":"2025-02-11T19:20:54","modified_gmt":"2025-02-11T18:20:54","slug":"hercampurino","status":"publish","type":"product","link":"https:\/\/anjelinazemi.eu\/en\/obchod\/tinktury\/hercampurino\/","title":{"rendered":"HERCAMPURINO<br>Detoxik\u00e1cia"},"content":{"rendered":"<p><strong>D\u00e1vkovanie:<\/strong><\/p>\n<p>Je vhodn\u00e9 za\u010da\u0165 na men\u0161om po\u010dte kvapiek, ako je maxim\u00e1lna denn\u00e1 d\u00e1vka.\u00a0Je to zvl\u00e1\u0161\u0165 vhodn\u00e9 u citliv\u00fdch jedincov, \u010di pri ni\u017e\u0161ej telesnej hmotnosti (\u00fatle \u017eeny) a \u010falej potom u vy\u0161\u0161\u00edch vekov\u00fdch kateg\u00f3ri\u00ed a to hlavne u \u013eud\u00ed s vysok\u00fdm tlakom alebo oslaben\u00fdm srdcom.<br \/>\nPo prvom t\u00fd\u017edni ni\u017e\u0161ieho mno\u017estva kvapiek, mo\u017eno potom zv\u00fd\u0161i\u0165 na d\u00e1vku maxim\u00e1lnu, alebo na tak\u00fa, pri ktorej sa budete c\u00edti\u0165 dobre a na tej zotrva\u0165.<br \/>\nU v\u00e1\u017enych ochoren\u00ed boreli\u00f3zou a podobne, je nevyhnutn\u00e9 bra\u0165 maxim\u00e1lnu d\u00e1vku, vo v\u00fdnimo\u010dn\u00fdch pr\u00edpadoch zv\u00fd\u0161i\u0165 denn\u00fa d\u00e1vku a\u017e na 3 x 10 kvapiek a to pod\u013ea vlastn\u00e9ho uv\u00e1\u017eenia.<\/p>\n<p><strong>Skladovanie:<\/strong><\/p>\n<p>Je mo\u017en\u00e9 aj po otvoren\u00ed f\u013ea\u0161ti\u010dky skladova\u0165 superextrakt pri izbovej teplote, je zakonzervovan\u00fd.\u00a0Neskladova\u0165 v\u0161ak na svetle.<\/p>\n<p><strong>Krajina p\u00f4vodu:<\/strong>\u00a0\u010cesk\u00e1 republika<\/p>\n<p style=\"text-align: center;\">Tu si m\u00f4\u017eete zadarmo stiahnu\u0165 materi\u00e1ly na \u010d\u00edtanie, ktor\u00e9 sme pre V\u00e1s pripravili.\u00a0Kliknite na vybran\u00fd odkaz ni\u017e\u0161ie a dokument PDF sa V\u00e1m automaticky otvor\u00ed. Prajeme pr\u00edjemn\u00e9 \u010d\u00edtanie.<\/p>\n<p>[button title=&#8220;SUPEREXTRAKTY&#8220; textcolor=&#8220;#ffffff&#8220; width=&#8220;350px&#8220; url=&#8220;https:\/\/anjelinazemi.eu\/wp-content\/uploads\/2019\/03\/SUPEREXTRAKTY.pdf&#8220; urlnewwindow=&#8220;1&#8243; bgcolor=&#8220;#94ad21&#8243; align=&#8220;left&#8220;]<\/p>\n<p>[button title=&#8220;AMAZONSK\u00dd PROTIPARAZIT\u00c1RNY PROTOKOL&#8220; textcolor=&#8220;#ffffff&#8220; width=&#8220;350px&#8220; url=&#8220;https:\/\/anjelinazemi.eu\/wp-content\/uploads\/2019\/03\/AMAZONSK\u00dd-PROTIPARAZIT\u00c1RNY-PROTOKOL.pdf&#8220; urlnewwindow=&#8220;1&#8243; bgcolor=&#8220;#94ad21&#8243; align=&#8220;right&#8220;]<\/p>","protected":false},"excerpt":{"rendered":"<p>Siln\u00fd detoxika\u010dn\u00fd prostriedok, vhodn\u00fd aj na lie\u010dbu cukrovky.\u00a0Je mo\u017en\u00e9 kombinova\u0165 s u\u017e\u00edvan\u00edm zmesi Modr\u00fd kvet (max 1 denne \u0161\u00e1lku)<\/p>\n<p><strong>Obsah: 50ml<\/strong><\/p>","protected":false},"featured_media":1123,"comment_status":"closed","ping_status":"closed","template":"","meta":[],"product_cat":[93],"product_tag":[],"_links":{"self":[{"href":"https:\/\/anjelinazemi.eu\/en\/wp-json\/wp\/v2\/product\/543"}],"collection":[{"href":"https:\/\/anjelinazemi.eu\/en\/wp-json\/wp\/v2\/product"}],"about":[{"href":"https:\/\/anjelinazemi.eu\/en\/wp-json\/wp\/v2\/types\/product"}],"replies":[{"embeddable":true,"href":"https:\/\/anjelinazemi.eu\/en\/wp-json\/wp\/v2\/comments?post=543"}],"wp:featuredmedia":[{"embeddable":true,"href":"https:\/\/anjelinazemi.eu\/en\/wp-json\/wp\/v2\/media\/1123"}],"wp:attachment":[{"href":"https:\/\/anjelinazemi.eu\/en\/wp-json\/wp\/v2\/media?parent=543"}],"wp:term":[{"taxonomy":"product_cat","embeddable":true,"href":"https:\/\/anjelinazemi.eu\/en\/wp-json\/wp\/v2\/product_cat?post=543"},{"taxonomy":"product_tag","embeddable":true,"href":"https:\/\/anjelinazemi.eu\/en\/wp-json\/wp\/v2\/product_tag?post=543"}],"curies":[{"name":"wp","href":"https:\/\/api.w.org\/{rel}","templated":true}]}}