{"id":4497,"date":"2025-02-01T14:00:17","date_gmt":"2025-02-01T13:00:17","guid":{"rendered":"https:\/\/anjelinazemi.eu\/?post_type=product&#038;p=4497"},"modified":"2026-02-12T22:01:02","modified_gmt":"2026-02-12T21:01:02","slug":"dracia-krv-100-kapsul","status":"publish","type":"product","link":"https:\/\/anjelinazemi.eu\/en\/obchod\/kapsule\/dracia-krv-100-kapsul\/","title":{"rendered":"Dra\u010dia krv &#8211; 100 kaps\u00fal"},"content":{"rendered":"<p><strong>Zlo\u017eenie:<\/strong>\u00a0100% \u017eivica\u00a0<strong>Dra\u010dia krv &#8211; Sangre de Drago<\/strong>\u00a0(Croton lechleri \u200b\u200bMuell.Arg. &#8211; Resina)<\/p>\n<p>Odpor\u00fa\u010dame 2x denne 1 kapsula.<\/p>\n<p><strong>Skladovanie:<\/strong>\u00a0Skladujte v suchu a teplote do 25 \u00b0C. Nevystavujte priamemu slne\u010dn\u00e9mu \u017eiareniu.<\/p>\n<p>Inform\u00e1cie o p\u00f4soben\u00ed Dra\u010dej krvi alebo tie\u017e Sangre de Drago m\u00f4\u017eete n\u00e1js\u0165 na vo\u013ene dostupn\u00fdch zdrojoch:<\/p>\n<p><a href=\"https:\/\/www.youtube.com\/watch?v=1uyGFZ0iNwA\">https:\/\/www.youtube.com\/watch?v=1uyGFZ0iNwA<\/a><br \/>\n<a href=\"https:\/\/www.youtube.com\/watch?v=BLaaghYkdBo\">https:\/\/www.youtube.com\/watch?v=BLaaghYkdBo<\/a><br \/>\n<a href=\"https:\/\/www.youtube.com\/watch?v=i8vHT-svvO8\">https:\/\/www.youtube.com\/watch?v=i8vHT-svvO8<\/a><br \/>\n<a href=\"https:\/\/www.youtube.com\/watch?v=zmABmIhF82E\">https:\/\/www.youtube.com\/watch?v=zmABmIhF82E<\/a><br \/>\n<a href=\"https:\/\/www.youtube.com\/watch?v=wJplfm84cAw\">https:\/\/www.youtube.com\/watch?v=wJplfm84cAw<\/a><br \/>\n<a href=\"https:\/\/www.youtube.com\/watch?v=FE5QGicx_xU\">https:\/\/www.youtube.com\/watch?v=FE5QGicx_xU<\/a><br \/>\n<a href=\"https:\/\/www.youtube.com\/watch?v=uJFXqRGGNas\">https:\/\/www.youtube.com\/watch?v=uJFXqRGGNas<\/a><br \/>\n<a href=\"https:\/\/www.youtube.com\/watch?v=xZBKgbcCyQw&amp;feature=youtu.be&amp;fbclid=IwAR12kdZxR_DFVc1VlPeYpBaMVYNZhcdXhS_-pxLKNEzuwHZIRSWgo9ASqWA\">https:\/\/www.youtube.com\/watch?v=xZBKgbcCyQw&amp;feature=youtu.be&amp;fbclid=IwAR12kdZxR_DFVc1VlPeYpBaMVYNZhcdXhS_-pxLKNEzuwHZIRSWgo9ASqWA<\/a><\/p>\n<p><strong>Upozornenie:<\/strong>\u00a0V\u00fdrobok nie je ur\u010den\u00fd ako n\u00e1hrada pestrej stravy. Nie je vhodn\u00e9 pre mal\u00e9 deti, tehotn\u00e9 a doj\u010diace \u017eeny. Uchovajte mimo dosahu det\u00ed. Mo\u017en\u00e1 precitlivenos\u0165 na obsiahnut\u00e9 l\u00e1tky.<\/p>\n<p>V\u00fd\u017eivov\u00fd doplnok<\/p>\n<p>V\u00fdrobca: Blue Bloom s.r.o.<\/p>\n<p>Krajina p\u00f4vodu: Peru, Bol\u00edvia<br \/>\nVyroben\u00e9: \u010cR<\/p>","protected":false},"excerpt":{"rendered":"<p><strong>S dra\u010dou silou proti v\u00edrusov\u00fdm z\u00e1\u0161kodn\u00edkom<\/strong><\/p>\n<p><strong><label class=\"label\">Hmotnos\u0165:<\/label>\u00a0100g<\/strong><\/p>\n<p>Balenie: 100 kaps\u00fal<\/p>","protected":false},"featured_media":4498,"comment_status":"open","ping_status":"closed","template":"","meta":[],"product_cat":[204],"product_tag":[19,18,171],"_links":{"self":[{"href":"https:\/\/anjelinazemi.eu\/en\/wp-json\/wp\/v2\/product\/4497"}],"collection":[{"href":"https:\/\/anjelinazemi.eu\/en\/wp-json\/wp\/v2\/product"}],"about":[{"href":"https:\/\/anjelinazemi.eu\/en\/wp-json\/wp\/v2\/types\/product"}],"replies":[{"embeddable":true,"href":"https:\/\/anjelinazemi.eu\/en\/wp-json\/wp\/v2\/comments?post=4497"}],"wp:featuredmedia":[{"embeddable":true,"href":"https:\/\/anjelinazemi.eu\/en\/wp-json\/wp\/v2\/media\/4498"}],"wp:attachment":[{"href":"https:\/\/anjelinazemi.eu\/en\/wp-json\/wp\/v2\/media?parent=4497"}],"wp:term":[{"taxonomy":"product_cat","embeddable":true,"href":"https:\/\/anjelinazemi.eu\/en\/wp-json\/wp\/v2\/product_cat?post=4497"},{"taxonomy":"product_tag","embeddable":true,"href":"https:\/\/anjelinazemi.eu\/en\/wp-json\/wp\/v2\/product_tag?post=4497"}],"curies":[{"name":"wp","href":"https:\/\/api.w.org\/{rel}","templated":true}]}}