{"id":4425,"date":"2024-10-10T11:49:36","date_gmt":"2024-10-10T09:49:36","guid":{"rendered":"https:\/\/anjelinazemi.eu\/?post_type=product&#038;p=4425"},"modified":"2025-01-16T22:35:07","modified_gmt":"2025-01-16T21:35:07","slug":"chancamayo-peruanska-kava","status":"publish","type":"product","link":"https:\/\/anjelinazemi.eu\/en\/obchod\/superpotraviny\/chancamayo-peruanska-kava\/","title":{"rendered":"CHANCAMAYO &#8211; PERU\u00c1NSKA K\u00c1VA"},"content":{"rendered":"<p>Jemne mlet\u00e1 k\u00e1va Peru Chancamayo patr\u00ed k najkvalitnej\u0161\u00edm gurm\u00e1nskym k\u00e1vam z Latinskej Ameriky.<\/p>\n<p>Chu\u0165 je pln\u00e1 kakaovo &#8211; \u010dokol\u00e1dov\u00e1, so sladk\u00fdmi t\u00f3nmi karamelu a \u0161korice.<\/p>\n<p>M\u00e1 dokonale vyv\u00e1\u017een\u00fa kr\u00e9mov\u00fa chu\u0165 s pr\u00edjemnou horkos\u0165ou.<\/p>\n<p><strong>Lokalita:<\/strong> Peru Chancamayo, nadmorsk\u00e1 v\u00fd\u0161ka 1350 m, druh 100% arabika, odroda Typica, spracovanie washed+sun-dried, SCA sk\u00f3re 84+<br \/>\n<strong>Pra\u017eenie:<\/strong> medium roast<br \/>\n<strong>Pr\u00edprava:<\/strong> espresso, automat, moka, french press, zalievan\u00e1<br \/>\n<strong>Chu\u0165 a t\u00f3ny:<\/strong> hork\u00e1, sladk\u00e1, bez kyslosti<\/p>\n<p><strong>Hmotnos\u0165:\u00a0<\/strong>250 g<\/p>\n<p>V\u00fdrobca: Blue Bloom s.r.o., Praha\u00a0<b><br \/>\n<\/b>Krajina p\u00f4vodu:\u00a0Peru<b><br \/>\n<\/b>Vyroben\u00e9\u00a0v \u010cR<\/p>\n<p>&nbsp;<\/p>","protected":false},"excerpt":{"rendered":"<p class=\"lb-small-title\"><strong>\u010cokol\u00e1dovo &#8211; karamelov\u00e1 pra\u017een\u00e1 k\u00e1va so sladkou ar\u00f3mou<\/strong><\/p>\n<p><strong>Balenie: 250g<\/strong><\/p>","protected":false},"featured_media":4427,"comment_status":"open","ping_status":"closed","template":"","meta":[],"product_cat":[17],"product_tag":[],"_links":{"self":[{"href":"https:\/\/anjelinazemi.eu\/en\/wp-json\/wp\/v2\/product\/4425"}],"collection":[{"href":"https:\/\/anjelinazemi.eu\/en\/wp-json\/wp\/v2\/product"}],"about":[{"href":"https:\/\/anjelinazemi.eu\/en\/wp-json\/wp\/v2\/types\/product"}],"replies":[{"embeddable":true,"href":"https:\/\/anjelinazemi.eu\/en\/wp-json\/wp\/v2\/comments?post=4425"}],"wp:featuredmedia":[{"embeddable":true,"href":"https:\/\/anjelinazemi.eu\/en\/wp-json\/wp\/v2\/media\/4427"}],"wp:attachment":[{"href":"https:\/\/anjelinazemi.eu\/en\/wp-json\/wp\/v2\/media?parent=4425"}],"wp:term":[{"taxonomy":"product_cat","embeddable":true,"href":"https:\/\/anjelinazemi.eu\/en\/wp-json\/wp\/v2\/product_cat?post=4425"},{"taxonomy":"product_tag","embeddable":true,"href":"https:\/\/anjelinazemi.eu\/en\/wp-json\/wp\/v2\/product_tag?post=4425"}],"curies":[{"name":"wp","href":"https:\/\/api.w.org\/{rel}","templated":true}]}}