{"id":4422,"date":"2024-10-10T11:13:56","date_gmt":"2024-10-10T09:13:56","guid":{"rendered":"https:\/\/anjelinazemi.eu\/?post_type=product&#038;p=4422"},"modified":"2026-02-12T22:03:42","modified_gmt":"2026-02-12T21:03:42","slug":"curandera","status":"publish","type":"product","link":"https:\/\/anjelinazemi.eu\/en\/obchod\/tinktury\/curandera\/","title":{"rendered":"CURANDERA<br>Preh\u013abenie medita\u010dn\u00fdch stavov"},"content":{"rendered":"<div>\n<div><b>Zlo\u017eenie:\u00a0Marco\u00a0<\/b>(Ambrosia peruviana &#8211; Herba),<b>\u00a0Muira puama<\/b>\u00a0(Ptychopetalum olacoides),\u00a0<span class=\"wysiwyg-color\"><b>Maca \u010dierna &#8211; \u017eerucha peru\u00e1nska<\/b>\u00a0(Lepidium meyenii-radix),\u00a0<\/span>\u010disten\u00e1 voda, sorban draseln\u00fd, kyselina citr\u00f3nov\u00e1, neobsahuje lieh.<\/div>\n<\/div>\n<div><\/div>\n<div>Bylinn\u00fd elix\u00edr\u00a0<span class=\"il\">Curandera<\/span>\u00a0si d\u00e1v\u00e1 i za sm\u011bl\u00fd c\u00edl dos\u00e1hnout zv\u00fd\u0161en\u00ed<br \/>\ninteligence, schopnosti se u\u010dit a z\u00e1rove\u0148 celkov\u011b pos\u00edlit nervovou<br \/>\nsoustavu. P\u0159isp\u00edv\u00e1 tak\u00e9 ke vz\u00e1cn\u00e9 stimulaci rozvoje ment\u00e1ln\u00edch<br \/>\nschopnost\u00ed. Je vhodn\u00e1 ji u\u017e\u00edvat k meditaci a speci\u00e1ln\u00edm druh\u016fm<br \/>\nsoust\u0159ed\u011bn\u00ed. Curanderu lze kombinovat s Mot\u00fdl\u00edm kv\u011btem a Sacha Inchi.<br \/>\nJe d\u00e1l zn\u00e1m\u00e1 jako protiz\u00e1n\u011btliv\u00fd a protirevmatick\u00fd prost\u0159edek. P\u0159i<br \/>\nneuralgick\u00fdch obt\u00ed\u017e\u00edch.<\/div>\n<div>\n<div><\/div>\n<\/div>\n<div>\n<div>\n<p><b>Skladovanie:\u00a0<\/b>Neskladova\u0165 na priamom slnku a v mraze.<b><\/b><\/p>\n<p>V\u0161eobecn\u00e9 upozornenia:\u00a0V\u00fdrobok nie je ur\u010den\u00fd ako n\u00e1hrada pestrej stravy. Nie je vhodn\u00e9 pre deti do 3 rokov, tehotn\u00e9 a doj\u010diace \u017eeny. Uchovajte mimo dosahu det\u00ed. Pr\u00edpadn\u00fd z\u00e1kal nie je vadou v\u00fdrobku. Mo\u017en\u00e1 precitlivenos\u0165 na obsiahnut\u00e9 l\u00e1tky.<\/p>\n<\/div>\n<div><\/div>\n<div>Doplnok stravy<\/div>\n<div><b>\u00a0<\/b><b><br \/>\n<\/b>V\u00fdrobca: Blue Bloom s.r.o., Praha\u00a0<b><br \/>\n<\/b>Krajina p\u00f4vodu:\u00a0Peru<b><br \/>\n<\/b>Vyroben\u00e9\u00a0v \u010cR<\/div>\n<\/div>","protected":false},"excerpt":{"rendered":"<p>Extrakt sa pou\u017e\u00edva na preh\u013abenie medita\u010dn\u00fdch stavov.<\/p>\n<p><strong>Obsah: 50ml<\/strong><\/p>","protected":false},"featured_media":4423,"comment_status":"open","ping_status":"closed","template":"","meta":[],"product_cat":[93],"product_tag":[30,31,27,209],"_links":{"self":[{"href":"https:\/\/anjelinazemi.eu\/en\/wp-json\/wp\/v2\/product\/4422"}],"collection":[{"href":"https:\/\/anjelinazemi.eu\/en\/wp-json\/wp\/v2\/product"}],"about":[{"href":"https:\/\/anjelinazemi.eu\/en\/wp-json\/wp\/v2\/types\/product"}],"replies":[{"embeddable":true,"href":"https:\/\/anjelinazemi.eu\/en\/wp-json\/wp\/v2\/comments?post=4422"}],"wp:featuredmedia":[{"embeddable":true,"href":"https:\/\/anjelinazemi.eu\/en\/wp-json\/wp\/v2\/media\/4423"}],"wp:attachment":[{"href":"https:\/\/anjelinazemi.eu\/en\/wp-json\/wp\/v2\/media?parent=4422"}],"wp:term":[{"taxonomy":"product_cat","embeddable":true,"href":"https:\/\/anjelinazemi.eu\/en\/wp-json\/wp\/v2\/product_cat?post=4422"},{"taxonomy":"product_tag","embeddable":true,"href":"https:\/\/anjelinazemi.eu\/en\/wp-json\/wp\/v2\/product_tag?post=4422"}],"curies":[{"name":"wp","href":"https:\/\/api.w.org\/{rel}","templated":true}]}}