{"id":4411,"date":"2024-10-09T14:02:48","date_gmt":"2024-10-09T12:02:48","guid":{"rendered":"https:\/\/anjelinazemi.eu\/?post_type=product&#038;p=4411"},"modified":"2025-01-13T04:09:55","modified_gmt":"2025-01-13T03:09:55","slug":"kurkuma-100-kapsul","status":"publish","type":"product","link":"https:\/\/anjelinazemi.eu\/en\/obchod\/kapsule\/kurkuma-100-kapsul\/","title":{"rendered":"KURKUMA &#8211; 100 kaps\u00fal"},"content":{"rendered":"<div id=\"main-product-wrapper\" class=\"product-container js-product-container\">\n<div class=\"tabs product-tabs\">\n<div id=\"product-infos-tabs-content\" class=\"tab-content\">\n<div id=\"description\" class=\"tab-pane in active\">\n<div class=\"product-description\">\n<div class=\"rte-content\">\n<p><strong>Zlo\u017eenie:<\/strong> surovina 100% extrakt kurkuma<\/p>\n<p>T\u00e1to tropick\u00e1 bylina bola pou\u017e\u00edvan\u00e1 ako lie\u010divo a farbivo. Pestuje sa pre podzemky, niekedy sa naz\u00fdva &#8222;\u017elt\u00fd z\u00e1zvor&#8220;.<\/p>\n<p>Kurkuma m\u00e1 ve\u013ek\u00fd rozsah schv\u00e1len\u00fdch zdravotn\u00fdch tvrden\u00ed:<\/p>\n<p>Norm\u00e1lne tr\u00e1venie<br \/>\nNorm\u00e1lna \u010dinnos\u0165 pe\u010dene &#8211; pe\u010de\u0148ov\u00e9 lipidy<br \/>\nNorm\u00e1lna \u010dinnos\u0165 kardiovaskul\u00e1rneho syst\u00e9mu &#8211; krvn\u00fd obeh<br \/>\nImunitn\u00fd syst\u00e9m &#8211; antioxidant<br \/>\nNorm\u00e1lny stav k\u013abov a kost\u00ed<br \/>\nNorm\u00e1lna \u010dinnos\u0165 nervovej s\u00fastavy<br \/>\nNorm\u00e1lna funkcia d\u00fdchacieho syst\u00e9mu<br \/>\nNorm\u00e1lny stav poko\u017eky<br \/>\nNorm\u00e1lny stav k\u013abov<br \/>\nP\u00f4sob\u00ed protiz\u00e1palovo<br \/>\nDu\u0161evn\u00e1 rovnov\u00e1ha<br \/>\nKontrola z\u00e1palov\u00fdch reakci\u00ed<\/p>\n<p>Kurkuma obsahuje jasne \u017elt\u00e9 farbivo zvan\u00e9 kurkum\u00edn a ostr\u00fa v\u00f4\u0148u. Farbivo sa pou\u017e\u00edva na farbenie ry\u017ee, masla, tukov, syrov, mast\u00ed i lik\u00e9rov, ale m\u00f4\u017eu sa tie\u017e farbi\u0165 aj in\u00e9 materi\u00e1ly, ako l\u00e1tky, drevo a pod.<\/p>\n<p>Kurkuma sa pou\u017e\u00edva predov\u0161etk\u00fdm pri pr\u00edprave om\u00e1\u010dok, polievok, pri varen\u00ed zemiakov, ry\u017ee aj na zeleninu. Kurkumu obsahuje aj worcestrov\u00e1 om\u00e1\u010dka a tvor\u00ed z\u00e1klad korenia Kari.<\/p>\n<p>Skladovanie: Skladujte v suchu a teplote do 25 \u00b0C. Nevystavujte priamemu slne\u010dn\u00e9mu \u017eiareniu.<\/p>\n<p><strong>Upozornenie:<\/strong> V\u00fdrobok nie je ur\u010den\u00fd ako n\u00e1hrada pestrej stravy. Nie je vhodn\u00e9 pre mal\u00e9 deti, tehotn\u00e9 a doj\u010diace \u017eeny. Uchovajte mimo dosahu det\u00ed. Mo\u017eno precitlivenos\u0165 na obsiahnut\u00e9 l\u00e1tky.<\/p>\n<p>V\u00fd\u017eivov\u00fd doplnok<\/p>\n<p>V\u00fdrobca: Blue Bloom s.r.o.<\/p>\n<p>Krajina p\u00f4vodu: Peru<br \/>\nVyroben\u00e9 v \u010cR<\/p>\n<\/div>\n<\/div>\n<\/div>\n<\/div>\n<\/div>\n<\/div>","protected":false},"excerpt":{"rendered":"<p>Kurkuma tvor\u00ed z\u00e1klad korenia Kari, ale tie\u017e m\u00e1 ve\u013ek\u00e9 mno\u017estvo pozit\u00edvnych \u00fa\u010dinkov na \u013eudsk\u00fd organizmus, napr\u00edklad na pe\u010de\u0148, imunitu, k\u013aby, poko\u017eku, nervov\u00fa s\u00fastavu, d\u00fdchac\u00ed syst\u00e9m a na tr\u00e1venie<\/p>\n<p><strong><label class=\"label\">Hmotnos\u0165:<\/label> 100g<\/strong><\/p>\n<p>Balenie: 100 kaps\u00fal<\/p>","protected":false},"featured_media":4405,"comment_status":"open","ping_status":"closed","template":"","meta":[],"product_cat":[204],"product_tag":[34,205,35,48,117,46],"_links":{"self":[{"href":"https:\/\/anjelinazemi.eu\/en\/wp-json\/wp\/v2\/product\/4411"}],"collection":[{"href":"https:\/\/anjelinazemi.eu\/en\/wp-json\/wp\/v2\/product"}],"about":[{"href":"https:\/\/anjelinazemi.eu\/en\/wp-json\/wp\/v2\/types\/product"}],"replies":[{"embeddable":true,"href":"https:\/\/anjelinazemi.eu\/en\/wp-json\/wp\/v2\/comments?post=4411"}],"wp:featuredmedia":[{"embeddable":true,"href":"https:\/\/anjelinazemi.eu\/en\/wp-json\/wp\/v2\/media\/4405"}],"wp:attachment":[{"href":"https:\/\/anjelinazemi.eu\/en\/wp-json\/wp\/v2\/media?parent=4411"}],"wp:term":[{"taxonomy":"product_cat","embeddable":true,"href":"https:\/\/anjelinazemi.eu\/en\/wp-json\/wp\/v2\/product_cat?post=4411"},{"taxonomy":"product_tag","embeddable":true,"href":"https:\/\/anjelinazemi.eu\/en\/wp-json\/wp\/v2\/product_tag?post=4411"}],"curies":[{"name":"wp","href":"https:\/\/api.w.org\/{rel}","templated":true}]}}