{"id":4407,"date":"2024-10-09T13:14:14","date_gmt":"2024-10-09T11:14:14","guid":{"rendered":"https:\/\/anjelinazemi.eu\/?post_type=product&#038;p=4407"},"modified":"2025-01-16T22:43:10","modified_gmt":"2025-01-16T21:43:10","slug":"camu-camu-100-kapsul","status":"publish","type":"product","link":"https:\/\/anjelinazemi.eu\/en\/obchod\/kapsule\/camu-camu-100-kapsul\/","title":{"rendered":"CAMU CAMU &#8211; 100 kaps\u00fal"},"content":{"rendered":"<p>Zelen\u00e9 a \u010derven\u00e9 plody stromu Camu camu, ktor\u00e9 vyzeraj\u00fa ako mal\u00e9 jablk\u00e1, s\u00fa pozoruhodn\u00e9 svojim obsahom vitam\u00ednu C. S\u00fa najbohat\u0161\u00edm doteraz objaven\u00fdm zdrojom vitam\u00ednu C, obsahuj\u00fa ho tridsa\u0165kr\u00e1t viac ako citrusy. Maj\u00fa preto obrovsk\u00fd v\u00fdznam pre \u013eudsk\u00e9 zdravie a pre podporu imunitn\u00e9ho syst\u00e9mu.<\/p>\n<p><strong>Priazniv\u00e9 \u00fa\u010dinky vitam\u00ednu C:<\/strong><\/p>\n<p>antioxida\u010dn\u00e9 \u00fa\u010dinky ochra\u0148uj\u00face bunky v tele<br \/>\npriaznivo prispieva k zdraviu kardiovaskul\u00e1rneho syst\u00e9mu<br \/>\npom\u00e1ha k spr\u00e1vnej pr\u00e1ci nervov\u00e9ho syst\u00e9mu<br \/>\nnapom\u00e1ha pri rekonvalescencii<br \/>\npodporuje imunitn\u00fd syst\u00e9m a stavbu a udr\u017eiavanie zdrav\u00fdch kost\u00ed, zubov, chrupaviek, \u010fasien a ko\u017ee<br \/>\nje nevyhnutn\u00fd pre energetick\u00fd metabolizmus a transform\u00e1ciu potravy na energiu<br \/>\nprispieva k absorbcii \u017eeleza z potravy<br \/>\nMo\u017eno precitlivenos\u0165 na obsiahnut\u00e9 l\u00e1tky.<\/p>\n<p>Nie je n\u00e1hradou pestrej stravy ani predp\u00edsanej medik\u00e1cie.<\/p>\n<p>Skladovanie: Skladujte v suchu a teplote do 25 \u00b0C. Nevystavujte priamemu slne\u010dn\u00e9mu \u017eiareniu.<\/p>\n<p>Upozornenie: V\u00fdrobok nie je ur\u010den\u00fd ako n\u00e1hrada pestrej stravy. Nie je vhodn\u00e9 pre mal\u00e9 deti, tehotn\u00e9 a doj\u010diace \u017eeny. Uchovajte mimo dosahu det\u00ed. Mo\u017eno precitlivenos\u0165 na obsiahnut\u00e9 l\u00e1tky.<\/p>\n<p>V\u00fd\u017eivov\u00fd doplnok<\/p>\n<p>V\u00fdrobca: Blue Bloom s.r.o.<\/p>\n<p>Krajina p\u00f4vodu: Peru<br \/>\nVyroben\u00e9 v \u010cR<\/p>","protected":false},"excerpt":{"rendered":"<p>Zelen\u00e9 a \u010derven\u00e9 plody stromu Camu camu, ktor\u00e9 vyzeraj\u00fa ako mal\u00e9 jablk\u00e1, s\u00fa pozoruhodn\u00e9 svojim obsahom vitam\u00ednu C. S\u00fa najbohat\u0161\u00edm doteraz objaven\u00fdm zdrojom vitam\u00ednu C, obsahuj\u00fa ho tridsa\u0165kr\u00e1t viac ako citrusy. Maj\u00fa preto obrovsk\u00fd v\u00fdznam pre \u013eudsk\u00e9 zdravie a pre podporu imunitn\u00e9ho syst\u00e9mu.<\/p>\n<p><strong><label class=\"label\">Hmotnos\u0165:<\/label> 100g<\/strong><\/p>\n<p>Balenie: 100 kaps\u00fal<\/p>","protected":false},"featured_media":4404,"comment_status":"open","ping_status":"closed","template":"","meta":[],"product_cat":[204],"product_tag":[121,34,205,35,48,33],"_links":{"self":[{"href":"https:\/\/anjelinazemi.eu\/en\/wp-json\/wp\/v2\/product\/4407"}],"collection":[{"href":"https:\/\/anjelinazemi.eu\/en\/wp-json\/wp\/v2\/product"}],"about":[{"href":"https:\/\/anjelinazemi.eu\/en\/wp-json\/wp\/v2\/types\/product"}],"replies":[{"embeddable":true,"href":"https:\/\/anjelinazemi.eu\/en\/wp-json\/wp\/v2\/comments?post=4407"}],"wp:featuredmedia":[{"embeddable":true,"href":"https:\/\/anjelinazemi.eu\/en\/wp-json\/wp\/v2\/media\/4404"}],"wp:attachment":[{"href":"https:\/\/anjelinazemi.eu\/en\/wp-json\/wp\/v2\/media?parent=4407"}],"wp:term":[{"taxonomy":"product_cat","embeddable":true,"href":"https:\/\/anjelinazemi.eu\/en\/wp-json\/wp\/v2\/product_cat?post=4407"},{"taxonomy":"product_tag","embeddable":true,"href":"https:\/\/anjelinazemi.eu\/en\/wp-json\/wp\/v2\/product_tag?post=4407"}],"curies":[{"name":"wp","href":"https:\/\/api.w.org\/{rel}","templated":true}]}}