{"id":4259,"date":"2024-02-21T17:56:07","date_gmt":"2024-02-21T16:56:07","guid":{"rendered":"https:\/\/anjelinazemi.eu\/?post_type=product&#038;p=4259"},"modified":"2025-01-16T22:46:23","modified_gmt":"2025-01-16T21:46:23","slug":"bacopa-brahmipamat-koncentracia","status":"publish","type":"product","link":"https:\/\/anjelinazemi.eu\/en\/obchod\/bylinne-zmesi\/bacopa-brahmipamat-koncentracia\/","title":{"rendered":"BACOPA &#8211; BRAHMI<br>Pam\u00e4\u0165, Koncentr\u00e1cia"},"content":{"rendered":"<p><strong>Bacopa monnieri &#8211; <\/strong>obsahuje jednodruhov\u00fa rezan\u00fa bylinu.<\/p>\n<p><strong>Zlo\u017eenie:<\/strong> 100%<strong> Bakopa drobnolist\u00e1 &#8211; Brahmi <\/strong>(Bacopa monnieri &#8211; hierba)<\/p>\n<p><strong>D\u00e1vkovanie:<\/strong> 1 vrchovat\u00e1 ly\u017ei\u010dka na \u0161\u00e1lku &#8211; teda asi 5g sa zaleje hor\u00facou vodou a nech\u00e1 sa 10 min l\u00fahova\u0165.\u00a0U\u017e\u00edva sa 2x denne \u0161\u00e1lku.\u00a0V pr\u00edpade silnej\u0161ieho odvaru, povar\u00edme 15 g byliny (3-4 ly\u017ei\u010dky) a var\u00edme 10 min\u00fat v 750 ml vody.\u00a0T\u00fato d\u00e1vku rozdel\u00edme na tri diely, ktor\u00e9 u\u017eijeme v priebehu d\u0148a.<\/p>\n<p><strong>E\u00da legislat\u00edvou m\u00e1 Bacopa povolen\u00e9 tieto zdravotn\u00e9 tvrdenia:<\/strong><\/p>\n<ul>\n<li><strong>Du\u0161evn\u00e9 zdravie, kognit\u00edvne funkcie<\/strong><\/li>\n<li><strong>Pam\u00e4\u0165, koncentr\u00e1cia, stres<\/strong><\/li>\n<li><strong>Kognit\u00edvne funkcie &#8211; obeh<\/strong><\/li>\n<li><strong>Koncentr\u00e1cia &#8211; pam\u00e4\u0165<\/strong><\/li>\n<li><strong>Du\u0161evn\u00e1 v\u00fdkonnos\u0165<\/strong><\/li>\n<li><strong>Norm\u00e1lna funkcia \u017el\u010dn\u00edka<\/strong><\/li>\n<li><strong>Antioxidant<\/strong><\/li>\n<\/ul>\n<p><strong>Skladovanie:<\/strong>\u00a0Skladujte v suchu a teplote do 25 \u00b0C.\u00a0Nevystavujte priamemu slne\u010dn\u00e9mu \u017eiareniu.<\/p>\n<p><strong>Upozornenie:<\/strong> V\u00fdrobok nie je ur\u010den\u00fd ako n\u00e1hrada pestrej stravy.\u00a0Nie je vhodn\u00e9 pre mal\u00e9 deti, tehotn\u00e9 a doj\u010diace \u017eeny.\u00a0Uchovajte mimo dosahu det\u00ed.\u00a0Neprekra\u010dujte odpor\u00fa\u010dan\u00e9 d\u00e1vkovanie.\u00a0Mo\u017eno precitlivenos\u0165 na obsiahnut\u00e9 l\u00e1tky.<\/p>\n<p><strong>Krajina p\u00f4vodu:<\/strong>\u00a0\u00a0Sr\u00ed Lanka<br \/>\n<strong>Vyroben\u00e9:<\/strong>\u00a0\u010cR<br \/>\n<strong>V\u00fdrobca:<\/strong>\u00a0Blue Bloom sro, Rybn\u00e1 716\/24, 110 00 Praha 1, CZ<br \/>\nV\u00fd\u017eivov\u00fd doplnok<\/p>","protected":false},"excerpt":{"rendered":"<p>Bacopa m\u00e1 v\u00fdrazn\u00fd vplyv na pam\u00e4\u0165, koncentr\u00e1ciu, du\u0161evn\u00e9 zdravie a du\u0161evn\u00fa v\u00fdkonnos\u0165<\/p>\n<p><strong>Balenie: 80g<\/strong><\/p>","protected":false},"featured_media":4261,"comment_status":"open","ping_status":"closed","template":"","meta":[],"product_cat":[15,17],"product_tag":[121,34,187,203,199,113,27],"_links":{"self":[{"href":"https:\/\/anjelinazemi.eu\/en\/wp-json\/wp\/v2\/product\/4259"}],"collection":[{"href":"https:\/\/anjelinazemi.eu\/en\/wp-json\/wp\/v2\/product"}],"about":[{"href":"https:\/\/anjelinazemi.eu\/en\/wp-json\/wp\/v2\/types\/product"}],"replies":[{"embeddable":true,"href":"https:\/\/anjelinazemi.eu\/en\/wp-json\/wp\/v2\/comments?post=4259"}],"wp:featuredmedia":[{"embeddable":true,"href":"https:\/\/anjelinazemi.eu\/en\/wp-json\/wp\/v2\/media\/4261"}],"wp:attachment":[{"href":"https:\/\/anjelinazemi.eu\/en\/wp-json\/wp\/v2\/media?parent=4259"}],"wp:term":[{"taxonomy":"product_cat","embeddable":true,"href":"https:\/\/anjelinazemi.eu\/en\/wp-json\/wp\/v2\/product_cat?post=4259"},{"taxonomy":"product_tag","embeddable":true,"href":"https:\/\/anjelinazemi.eu\/en\/wp-json\/wp\/v2\/product_tag?post=4259"}],"curies":[{"name":"wp","href":"https:\/\/api.w.org\/{rel}","templated":true}]}}