{"id":4256,"date":"2024-02-21T17:34:44","date_gmt":"2024-02-21T16:34:44","guid":{"rendered":"https:\/\/anjelinazemi.eu\/?post_type=product&#038;p=4256"},"modified":"2025-02-11T16:13:26","modified_gmt":"2025-02-11T15:13:26","slug":"tulsi-bazalka-posvatnarelaxacia","status":"publish","type":"product","link":"https:\/\/anjelinazemi.eu\/en\/obchod\/bylinne-zmesi\/tulsi-bazalka-posvatnarelaxacia\/","title":{"rendered":"TULSI &#8211; Bazalka posv\u00e4tn\u00e1<br>Relax\u00e1cia"},"content":{"rendered":"<p><strong>Bazalka posv\u00e4tn\u00e1, <\/strong>ktor\u00e1 je v Ajurv\u00e9de zn\u00e1ma pod presl\u00e1ven\u00fdm n\u00e1zvom Tuls\u00ed, je ve\u013emi lahodn\u00e1 a vonn\u00e1 bylina, ktorej n\u00e1lev \u010di odvar je ob\u013e\u00faben\u00fd upokojuj\u00faci a relaxa\u010dn\u00fd n\u00e1poj po celej na\u0161ej plan\u00e9te.<\/p>\n<p><strong>Zlo\u017eenie:<\/strong> 100%<strong> Bazalka posv\u00e4tn\u00e1 \u2013 Tulsi (Ocimum sanctum\u2013herba)<\/strong><\/p>\n<p><strong>D\u00e1vkovanie:<\/strong>\u00a0\u00a0Jedna ly\u017ei\u010dka na \u0161\u00e1lku.\u00a0Zalejte vriacou vodou a nechajte l\u00fahova\u0165 10 min\u00fat.\u00a0Prece\u010fte a pite tepl\u00e9 alebo chladn\u00e9.\u00a0M\u00f4\u017eete osladi\u0165.\u00a0Na pr\u00edpravu \u010daju v kanvici pridajte 1 ly\u017ei\u010dku navy\u0161e.\u00a0Ak chcete pripravi\u0165 ice tea, nechajte vychladi\u0165 a pridajte \u013ead.\u00a0Pre maxim\u00e1lny \u00fa\u010dinok pite 3\u20134 \u0161\u00e1lky denne.<\/p>\n<p><strong>E\u00da legislat\u00edvou m\u00e1 Tulsi povolen\u00e9 tieto zdravotn\u00e9 tvrdenia:<\/strong><\/p>\n<p><strong>Srdce, vitalita a stres<\/strong><\/p>\n<p><strong>Norm\u00e1lna funkcia d\u00fdchacieho syst\u00e9mu<\/strong><\/p>\n<p><strong>Vyka\u0161liavanie<\/strong><\/p>\n<p><strong>Imunitn\u00fd syst\u00e9m &#8211; antioxidant<\/strong><\/p>\n<p>&nbsp;<\/p>\n<p><strong>Skladovanie:<\/strong>\u00a0Skladujte v suchu a teplote do 25 \u00b0C.\u00a0Nevystavujte priamemu slne\u010dn\u00e9mu \u017eiareniu.<\/p>\n<p><strong>Upozornenie:<\/strong> V\u00fdrobok nie je ur\u010den\u00fd ako n\u00e1hrada pestrej stravy.\u00a0Nie je vhodn\u00e9 pre mal\u00e9 deti, tehotn\u00e9 a doj\u010diace \u017eeny.\u00a0Uchovajte mimo dosahu det\u00ed.\u00a0Neprekra\u010dujte odpor\u00fa\u010dan\u00e9 d\u00e1vkovanie.\u00a0Mo\u017eno precitlivenos\u0165 na obsiahnut\u00e9 l\u00e1tky.<\/p>\n<p><strong>Krajina p\u00f4vodu:<\/strong>\u00a0\u00a0Sr\u00ed Lanka<br \/>\n<strong>Vyroben\u00e9:<\/strong>\u00a0\u010cR<br \/>\n<strong>V\u00fdrobca:<\/strong>\u00a0Blue Bloom sro, Rybn\u00e1 716\/24, 110 00 Praha 1, CZ<br \/>\nV\u00fd\u017eivov\u00fd doplnok<\/p>","protected":false},"excerpt":{"rendered":"<p>Bazalka posv\u00e4tn\u00e1<strong>, <\/strong>ktor\u00e1 je v Ajurv\u00e9de zn\u00e1ma pod presl\u00e1ven\u00fdm n\u00e1zvom Tuls\u00ed, je ve\u013emi lahodn\u00e1 a vonn\u00e1 bylina, ktorej n\u00e1lev \u010di odvar je ob\u013e\u00faben\u00fd upokojuj\u00faci a relaxa\u010dn\u00fd n\u00e1poj po celej na\u0161ej plan\u00e9te.<\/p>\n<p><strong>Balenie: 80g<\/strong><\/p>","protected":false},"featured_media":4257,"comment_status":"open","ping_status":"closed","template":"","meta":[],"product_cat":[15,17],"product_tag":[121,34,187,203,199,113,27],"_links":{"self":[{"href":"https:\/\/anjelinazemi.eu\/en\/wp-json\/wp\/v2\/product\/4256"}],"collection":[{"href":"https:\/\/anjelinazemi.eu\/en\/wp-json\/wp\/v2\/product"}],"about":[{"href":"https:\/\/anjelinazemi.eu\/en\/wp-json\/wp\/v2\/types\/product"}],"replies":[{"embeddable":true,"href":"https:\/\/anjelinazemi.eu\/en\/wp-json\/wp\/v2\/comments?post=4256"}],"wp:featuredmedia":[{"embeddable":true,"href":"https:\/\/anjelinazemi.eu\/en\/wp-json\/wp\/v2\/media\/4257"}],"wp:attachment":[{"href":"https:\/\/anjelinazemi.eu\/en\/wp-json\/wp\/v2\/media?parent=4256"}],"wp:term":[{"taxonomy":"product_cat","embeddable":true,"href":"https:\/\/anjelinazemi.eu\/en\/wp-json\/wp\/v2\/product_cat?post=4256"},{"taxonomy":"product_tag","embeddable":true,"href":"https:\/\/anjelinazemi.eu\/en\/wp-json\/wp\/v2\/product_tag?post=4256"}],"curies":[{"name":"wp","href":"https:\/\/api.w.org\/{rel}","templated":true}]}}