{"id":3840,"date":"2023-02-08T15:14:45","date_gmt":"2023-02-08T14:14:45","guid":{"rendered":"https:\/\/anjelinazemi.eu\/?post_type=product&#038;p=3840"},"modified":"2025-02-11T16:23:35","modified_gmt":"2025-02-11T15:23:35","slug":"travenie","status":"publish","type":"product","link":"https:\/\/anjelinazemi.eu\/en\/obchod\/kury\/travenie\/","title":{"rendered":"TR\u00c1VENIE"},"content":{"rendered":"<p>Balenie obsahuje:<\/p>\n<ul>\n<li>1 x extrakt <strong>Herbenalo <\/strong>50ml<\/li>\n<li>1 x bylinn\u00e1 zmes <strong>\u010cistiaci ker <\/strong>70g<\/li>\n<li>3 x <strong>Fialov\u00e1 kukurica\u00a0<\/strong>150g<\/li>\n<li>1 x <strong>Dra\u010dia krv <\/strong>55ml<\/li>\n<li>1 x extrakt <strong>Hinocaiga <\/strong>50ml<\/li>\n<\/ul>\n<p>Medzi prostriedkami v tejto k\u00fare vynik\u00e1 svoj\u00edm \u00fa\u010dinkom predov\u0161etk\u00fdm Andsk\u00e1 lie\u010divka Hercampuri. T\u00e1 m\u00e1 schopnos\u0165 odstr\u00e1ni\u0165 tr\u00e1viacie probl\u00e9my, bolesti brucha, plynatos\u0165 a regulova\u0165 nepriazniv\u00e9 zmeny vo \u010drevnej mikrofl\u00f3re. Agracejo a Chanca Piedra s\u00fa okrem optimaliz\u00e1cie funkci\u00ed tr\u00e1viaceho syst\u00e9mu schopn\u00e9 tie\u017e posilni\u0165 pe\u010de\u0148 a produkciu \u017el\u010de.<\/p>\n<p><em>Krajina p\u00f4vodu: \u010cesk\u00e1 Republika<\/em><\/p>","protected":false},"excerpt":{"rendered":"<p>T\u00e1to k\u00fara sa odpor\u00fa\u010da na Tr\u00e1venie.<\/p>\n<p>probl\u00e9my tr\u00e1viaceho \u00fastrojenstva \/ bolesti brucha \/ nad\u00favanie<\/p>\n<p>Balenie obsahuje 5 druhov byl\u00edn, extraktov a olejov.<\/p>\n<p><strong>K\u00daRA NA 2 MESIACE<\/strong><\/p>","protected":false},"featured_media":3865,"comment_status":"open","ping_status":"closed","template":"","meta":[],"product_cat":[141],"product_tag":[46,40,18],"_links":{"self":[{"href":"https:\/\/anjelinazemi.eu\/en\/wp-json\/wp\/v2\/product\/3840"}],"collection":[{"href":"https:\/\/anjelinazemi.eu\/en\/wp-json\/wp\/v2\/product"}],"about":[{"href":"https:\/\/anjelinazemi.eu\/en\/wp-json\/wp\/v2\/types\/product"}],"replies":[{"embeddable":true,"href":"https:\/\/anjelinazemi.eu\/en\/wp-json\/wp\/v2\/comments?post=3840"}],"wp:featuredmedia":[{"embeddable":true,"href":"https:\/\/anjelinazemi.eu\/en\/wp-json\/wp\/v2\/media\/3865"}],"wp:attachment":[{"href":"https:\/\/anjelinazemi.eu\/en\/wp-json\/wp\/v2\/media?parent=3840"}],"wp:term":[{"taxonomy":"product_cat","embeddable":true,"href":"https:\/\/anjelinazemi.eu\/en\/wp-json\/wp\/v2\/product_cat?post=3840"},{"taxonomy":"product_tag","embeddable":true,"href":"https:\/\/anjelinazemi.eu\/en\/wp-json\/wp\/v2\/product_tag?post=3840"}],"curies":[{"name":"wp","href":"https:\/\/api.w.org\/{rel}","templated":true}]}}