{"id":3647,"date":"2023-01-19T09:11:25","date_gmt":"2023-01-19T08:11:25","guid":{"rendered":"https:\/\/anjelinazemi.eu\/?post_type=product&#038;p=3647"},"modified":"2024-04-10T00:19:32","modified_gmt":"2024-04-09T22:19:32","slug":"imunita","status":"publish","type":"product","link":"https:\/\/anjelinazemi.eu\/en\/obchod\/kury\/imunita\/","title":{"rendered":"IMUNITA"},"content":{"rendered":"<p>Balenie obsahuje:<\/p>\n<ul>\n<li>1 x<strong> Dra\u010dia krv<\/strong> 55ml<\/li>\n<li>1 x extrakt<strong> Achiote <\/strong>50ml<\/li>\n<li>1 x extrakt\u00a0<strong>Vilcacora\u00a0<\/strong>50ml<\/li>\n<li>1 x extrakt<strong> Chuchuhuasi <\/strong>50ml<\/li>\n<li>3 x <strong>Camu camu <\/strong>111g<\/li>\n<li>2 x extrakt<strong> Jergon Sacha<\/strong>\u00a050ml<\/li>\n<\/ul>\n<p>Imunita je schopnos\u0165 organizmu br\u00e1ni\u0165 sa proti vonkaj\u0161\u00edm aj vn\u00fatorn\u00fdm antig\u00e9nom. Vybran\u00e9 prostriedky dok\u00e1\u017eu silne mobilizova\u0165 imunitn\u00fd syst\u00e9m a zvy\u0161ova\u0165 efektivitu jeho pr\u00e1ce. Zdrav\u00e1 imunita potom sama zvl\u00e1dne zlikvidova\u0165 v\u00edrusy, patog\u00e9nne organizmy, ale aj zamedzi\u0165 rakovinov\u00e9mu bujneniu. Mo\u017eno u\u017ei\u0165 aj ako prevencia.<\/p>\n<p><em>Krajina p\u00f4vodu: \u010cesk\u00e1 Republika<\/em><\/p>","protected":false},"excerpt":{"rendered":"<p>T\u00e1to k\u00fara sa odpor\u00fa\u010da na Imunitu.<\/p>\n<p>obranyschopnos\u0165 \/ imunitn\u00fd syst\u00e9m \/ bakt\u00e9rie a v\u00edrusy<\/p>\n<p>Balenie obsahuje 6 druhov byl\u00edn, extraktov a olejov.<\/p>\n<p><strong>K\u00daRA NA 1 MESIAC<\/strong><\/p>","protected":false},"featured_media":3648,"comment_status":"open","ping_status":"closed","template":"","meta":[],"product_cat":[141],"product_tag":[167,171],"_links":{"self":[{"href":"https:\/\/anjelinazemi.eu\/en\/wp-json\/wp\/v2\/product\/3647"}],"collection":[{"href":"https:\/\/anjelinazemi.eu\/en\/wp-json\/wp\/v2\/product"}],"about":[{"href":"https:\/\/anjelinazemi.eu\/en\/wp-json\/wp\/v2\/types\/product"}],"replies":[{"embeddable":true,"href":"https:\/\/anjelinazemi.eu\/en\/wp-json\/wp\/v2\/comments?post=3647"}],"wp:featuredmedia":[{"embeddable":true,"href":"https:\/\/anjelinazemi.eu\/en\/wp-json\/wp\/v2\/media\/3648"}],"wp:attachment":[{"href":"https:\/\/anjelinazemi.eu\/en\/wp-json\/wp\/v2\/media?parent=3647"}],"wp:term":[{"taxonomy":"product_cat","embeddable":true,"href":"https:\/\/anjelinazemi.eu\/en\/wp-json\/wp\/v2\/product_cat?post=3647"},{"taxonomy":"product_tag","embeddable":true,"href":"https:\/\/anjelinazemi.eu\/en\/wp-json\/wp\/v2\/product_tag?post=3647"}],"curies":[{"name":"wp","href":"https:\/\/api.w.org\/{rel}","templated":true}]}}