{"id":219,"date":"2018-04-12T17:18:25","date_gmt":"2018-04-12T15:18:25","guid":{"rendered":"https:\/\/anjelinazemi.eu\/?post_type=product&#038;p=219"},"modified":"2025-01-13T02:36:47","modified_gmt":"2025-01-13T01:36:47","slug":"copaiba-tinktura","status":"publish","type":"product","link":"https:\/\/anjelinazemi.eu\/en\/obchod\/superpotraviny\/copaiba-tinktura\/","title":{"rendered":"COPAIBA &#8211; Tinkt\u00fara"},"content":{"rendered":"<p>\u017divica \/ latex zo stromu Copaifera officinalis<\/p>\n<p><strong>Zlo\u017eenie:<\/strong> surovina pre individu\u00e1lne pou\u017eitie 100%<\/p>\n<p><strong>D\u00e1vkovanie:<\/strong> 1 max. 2 kvapky rozpusti\u0165 vo vode, pou\u017eitie v\u00fdhradne do aromal\u00e1mp, neu\u017e\u00edva\u0165 vn\u00fatorne!<\/p>\n<p><strong>Pou\u017eitie:<\/strong> ur\u010den\u00e9 iba k aromaterapii !!!<\/p>\n<p><strong>Mno\u017estvo<\/strong>\u00a0: 25 ml<\/p>\n<p style=\"text-align: justify;\">Kopaiby je amazonsk\u00fd strom dorastaj\u00faci v\u00fd\u0161ky a\u017e 30m.\u00a0Pou\u017e\u00edvan\u00fa \u010dast\u00ed rastliny v etnomedic\u00edn\u011b pr\u00edrodn\u00fdch kme\u0148ov je \u017eivica, ktor\u00e1 sa z\u00edskava narezan\u00edm \u010di nav\u0155tan\u00edm kme\u0148a stromu (obdobne sa z\u00edskava javorov\u00fd sirup).\u00a0Dospel\u00fd jedinec m\u00f4\u017ee poskytn\u00fa\u0165 a\u017e 40 litrov \u017eivice (miazgy).\u00a0V juhoamerickej etnomedic\u00edn\u011b sa \u017eivica vyu\u017e\u00edva ako siln\u00e9 antiseptikum a na podporu vyka\u0161liavanie.\u00a0Pre upokojenie d\u00fdchac\u00edch ciest (vr\u00e1tane z\u00e1palov priedu\u0161iek a z\u00e1palov pr\u00ednosov\u00fdch dut\u00edn), \u010falej ako upokojuj\u00faci a protiz\u00e1palov\u00fd prostriedok pri infekci\u00e1ch mo\u010dov\u00fdch ciest a mo\u010dov\u00e9ho mech\u00fara, pr\u00edp.\u00a0obli\u010diek), ako mo\u010dopudn\u00fd prostriedok.\u00a0Tie\u017e je ve\u013emi \u00fa\u010dinn\u00e1 pre upokojenie ko\u017en\u00fdch z\u00e1palov.\u00a0V bylink\u00e1rstvo a lek\u00e1r\u0148ach Ju\u017enej Ameriky sa kopaiby odpor\u00fa\u010da pre v\u0161etky typy vn\u00fatorn\u00fdch z\u00e1palov, proti \u017eal\u00fado\u010dn\u00fdm vredom a rakovine.\u00a0Je tie\u017e popul\u00e1rne vyu\u017eitie \u017eivice ako kloktadla pri bolestiach hrdla a z\u00e1paloch mandl\u00ed (6 kvapiek \u017eivice v teplej vode) .\u010ealej sa pou\u017e\u00edva pri syfilisu, tetanu, bronchit\u00edde, n\u00e1dche, oparu, z\u00e1pal pohrudnice a tuberkul\u00f3ze.\u00a0Natieran\u00edm na poko\u017eku sa pou\u017e\u00edva pre zastavenie krv\u00e1cania a pre moder\u00e1cia leishmani\u00f3zy (formou obkladu).<\/p>\n<p style=\"text-align: justify;\"><strong>V tradi\u010dnej juhoamerickej etnomedic\u00edn\u011b sa u\u017e\u00edva pri: \u00a0<\/strong><\/p>\n<p style=\"text-align: justify;\">\u017eivice &#8211; hojiv\u00e1, protiz\u00e1palov\u00e1, antiseptick\u00e1, proti plesniam, bakt\u00e9ri\u00e1m, mikr\u00f3bom, analgetick\u00e1, protin\u00e1dorov\u00e1 a protirakovinov\u00e1, mo\u010dopudn\u00e1, u\u013eah\u010duje vyka\u0161liavanie, pri z\u00e1paloch mandl\u00ed, hrtanu a d\u00fdchac\u00edch ciest, ang\u00edne.\u00a0Prv\u00e1 pomoc pri poraneniach, vyhladzuje jazvy a vr\u00e1sky, na nehojace sa rany, vredy, modriny, ko\u017en\u00e9 plesne, opary, hemoroidy, lo\u017eisk\u00e1 lupienky.\u00a0Pri lie\u010dbe syfilisu a kvapavky a rakovinov\u00e9 bujnenie, psori\u00e1ze, leishmani\u00f3za, z\u00e1pchach.<\/p>\n<p style=\"text-align: justify;\"><strong>Upozornenia a pou\u017eitia:<\/strong><\/p>\n<p style=\"text-align: justify;\">Nemo\u017eno u\u017e\u00edva\u0165 vn\u00fatorne v pr\u00edpade pl\u00e1novania tehotenstva, vlastn\u00e9ho tehotenstva \u010di doj\u010denia., U niektor\u00fdch os\u00f4b, ak sa pou\u017e\u00edva vn\u00fatorne vo v\u00e4\u010d\u0161ej d\u00e1vke, m\u00f4\u017ee dr\u00e1\u017edi\u0165 sliznice a sp\u00f4sobi\u0165 ka\u0161e\u013e.\u00a0\u017divica m\u00f4\u017ee u citliv\u00fdch jedincov sp\u00f4sobi\u0165 alergick\u00fa rekcia, naj\u010dastej\u0161ie vyr\u00e1\u017eku.\u00a0\u00a0<strong>Nutn\u00e9 u\u017e\u00edva\u0165 striedmo!\u00a0na za\u010diatku len jednu kvapku naraz.\u00a0Nikdy neprekra\u010dova\u0165 pri vn\u00fatornom u\u017eit\u00ed d\u00e1vku, vy\u0161\u0161ia ako mal\u00e1 \u010dajov\u00e1 ly\u017ei\u010dka (5 ml.)!\u00a0<\/strong>M\u00f4\u017ee vyvola\u0165 vyr\u00e1\u017eky a svrbenie a \u017eal\u00fado\u010dn\u00e1 nevo\u013enos\u0165.\u00a0Jemne potiera\u0165 na poranen\u00e9 miesto na ko\u017ei, pri vn\u00fatornom u\u017eit\u00ed do mal\u00e9ho mno\u017estva vody nakvapka\u0165 do vody max. 6 kvapiek 2x za de\u0148.\u00a0Za\u010da\u0165 u 1 kvapky a postupne po 3 d\u0148och prida\u0165 o 1 kvapku viac.\u00a0Nadmern\u00e9 d\u00e1vkovanie m\u00f4\u017ee zapr\u00ed\u010dini\u0165 alergick\u00fa reakciu, nevo\u013enos\u0165, vracanie, vyr\u00e1\u017eky, bolesti brucha, stratu rovnov\u00e1hy.<\/p>\n<p style=\"text-align: justify;\">","protected":false},"excerpt":{"rendered":"<p style=\"text-align: justify;\">Pre upokojenie d\u00fdchac\u00edch ciest (vr\u00e1tane z\u00e1palov priedu\u0161iek a z\u00e1palov pr\u00ednosov\u00fdch dut\u00edn), \u010falej ako upokojuj\u00faci a protiz\u00e1palov\u00fd prostriedok pri infekci\u00e1ch mo\u010dov\u00fdch ciest a mo\u010dov\u00e9ho mech\u00fara, pr\u00edp.\u00a0obli\u010diek), ako mo\u010dopudn\u00fd prostriedok.<\/p>\n<p><strong>Balenie: 25 ml<\/strong><\/p>","protected":false},"featured_media":743,"comment_status":"open","ping_status":"closed","template":"","meta":[],"product_cat":[17],"product_tag":[50,52,51,53],"_links":{"self":[{"href":"https:\/\/anjelinazemi.eu\/en\/wp-json\/wp\/v2\/product\/219"}],"collection":[{"href":"https:\/\/anjelinazemi.eu\/en\/wp-json\/wp\/v2\/product"}],"about":[{"href":"https:\/\/anjelinazemi.eu\/en\/wp-json\/wp\/v2\/types\/product"}],"replies":[{"embeddable":true,"href":"https:\/\/anjelinazemi.eu\/en\/wp-json\/wp\/v2\/comments?post=219"}],"wp:featuredmedia":[{"embeddable":true,"href":"https:\/\/anjelinazemi.eu\/en\/wp-json\/wp\/v2\/media\/743"}],"wp:attachment":[{"href":"https:\/\/anjelinazemi.eu\/en\/wp-json\/wp\/v2\/media?parent=219"}],"wp:term":[{"taxonomy":"product_cat","embeddable":true,"href":"https:\/\/anjelinazemi.eu\/en\/wp-json\/wp\/v2\/product_cat?post=219"},{"taxonomy":"product_tag","embeddable":true,"href":"https:\/\/anjelinazemi.eu\/en\/wp-json\/wp\/v2\/product_tag?post=219"}],"curies":[{"name":"wp","href":"https:\/\/api.w.org\/{rel}","templated":true}]}}