{"id":215,"date":"2018-04-12T16:36:27","date_gmt":"2018-04-12T14:36:27","guid":{"rendered":"https:\/\/anjelinazemi.eu\/?post_type=product&#038;p=215"},"modified":"2026-02-19T21:01:07","modified_gmt":"2026-02-19T20:01:07","slug":"jergon-sacha-dracontium-loretense","status":"publish","type":"product","link":"https:\/\/anjelinazemi.eu\/en\/obchod\/superpotraviny\/jergon-sacha-dracontium-loretense\/","title":{"rendered":"JERGON SACHA &#8211; DRACONTIUM LORETENSE"},"content":{"rendered":"<p><strong>Pou\u017eitie<\/strong>\u00a0: Nie je ur\u010den\u00e9 pre deti.<\/p>\n<p>Neodpor\u00fa\u010da sa osob\u00e1m s poruchou metabolizmu \u0161\u0165ave\u013eanov &#8230;<\/p>\n<p><strong>Mno\u017estvo<\/strong>\u00a0: Odpor\u00fa\u010dan\u00e1 denn\u00e1 d\u00e1vka je 700 mg pr\u00e1\u0161ku.<\/p>\n<p><strong>Zlo\u017eenie<\/strong>\u00a0: surovina 100% jemne mlet\u00fd pr\u00e1\u0161ok<\/p>\n<p><strong>Hmotnos\u0165<\/strong>\u00a0: 110 g<\/p>\n<p style=\"text-align: justify;\">M\u00e1 v\u00fdznamn\u00e9 \u00fa\u010dinky na \u013eudsk\u00fa poko\u017eku, mozog, srdce, tr\u00e1viaci trakt a metabolizmus, v tehotenstve, predch\u00e1dza n\u00e1dorov\u00fdm ochoren\u00edm. Zvy\u0161uje kapacitu mozgov\u00fdch buniek, zlep\u0161uje pam\u00e4\u0165, podporuje my\u0161lienkov\u00e9 procesy, logiku a predstavivos\u0165. Zlep\u0161uje \u010dinnos\u0165 centr\u00e1lneho nervov\u00e9ho syst\u00e9mu. Pom\u00e1ha pri demencii, depresii, stresu, \u00fanave, nervovom i psychickom vy\u010derpan\u00ed, nespavosti. Zlep\u0161uje stav chor\u00fdch s chorobou Alzheimera a pom\u00e1ha pri migr\u00e9nach. Posil\u0148uje srdce a pom\u00e1ha udr\u017ea\u0165 st\u00e1ly krvn\u00fd tlak, zni\u017euje riziko kardiovaskul\u00e1rnych chor\u00f4b, reguluje hladinu cholesterolu v krvi, pom\u00e1ha predch\u00e1dza\u0165 cievnym ochoreniam a ochoreniam obehov\u00e9ho syst\u00e9mu krvi, srdcov\u00fdm infarktom a tromb\u00f3zu zlep\u0161uje krvn\u00fd obeh. Predch\u00e1dza z\u00e1pcham, pom\u00e1ha pri reduk\u010dn\u00fdch di\u00e9tach, reguluje hladinu krvn\u00e9ho cukru a pom\u00e1ha pri z\u00e1paloch \u010driev. Zni\u017euje riziko reumatick\u00fdch ochoren\u00ed, z\u00e1palov k\u013abov, artr\u00f3zy, vredov\u00fdch z\u00e1palov tenk\u00e9ho aj hrub\u00e9ho treba, z\u00e1palov priedu\u0161iek a astme aj z\u00e1palov plic.Je ide\u00e1lnou potravinou pre tehotn\u00e9 \u017eeny, u\u013eah\u010duje spr\u00e1vny v\u00fdvoj plodu, m\u00e1 z\u00e1sadn\u00fd vplyv na rozvoj nervov\u00fdch tkan\u00edv plodu a spr\u00e1vny v\u00fdvoj mozgu a nervov\u00e9ho syst\u00e9mu. M\u00e1 pozit\u00edvny vplyv na rozvoj die\u0165a\u0165a v ka\u017edom veku. Spoma\u013euje rast n\u00e1dorov\u00fdch buniek a podporuje lie\u010dbu n\u00e1dorov. Posil\u0148uje imunitn\u00fd syst\u00e9m. Spoma\u013euje procesy starnutia, predch\u00e1dza vypad\u00e1vanie vlasov, posil\u0148uje nechty. Predch\u00e1dza a pom\u00e1ha pri lie\u010dbe ekz\u00e9mov, lupienky. Zni\u017euje hormon\u00e1lnu probl\u00e9m \u017eien. Pom\u00e1ha pri chudnut\u00ed a udr\u017eanie v\u00e1hy. M\u00e1 pozit\u00edvny vplyv na rozvoj die\u0165a\u0165a v ka\u017edom veku. Spoma\u013euje rast n\u00e1dorov\u00fdch buniek a podporuje lie\u010dbu n\u00e1dorov. Posil\u0148uje imunitn\u00fd syst\u00e9m. Spoma\u013euje procesy starnutia, predch\u00e1dza vypad\u00e1vaniu vlasov, posil\u0148uje nechty. Predch\u00e1dza a pom\u00e1ha pri lie\u010dbe ekz\u00e9mov, lupienky. Zni\u017euje hormon\u00e1lne probl\u00e9my u \u017eien. Pom\u00e1ha pri chudnut\u00ed a udr\u017eanie v\u00e1hy. M\u00e1 pozit\u00edvny vplyv na rozvoj die\u0165a\u0165a v ka\u017edom veku. Spoma\u013euje rast n\u00e1dorov\u00fdch buniek a podporuje lie\u010dbu n\u00e1dorov. Posil\u0148uje imunitn\u00fd syst\u00e9m. Spoma\u013euje procesy starnutia, predch\u00e1dza vypad\u00e1vanie vlasov, posil\u0148uje nechty. Predch\u00e1dza a pom\u00e1ha pri lie\u010dbe ekz\u00e9mov, lupienky. Zni\u017euje hormon\u00e1lnu probl\u00e9m \u017eien. Pom\u00e1ha pri chudnut\u00ed a udr\u017eanie v\u00e1hy.<\/p>\n<p style=\"text-align: justify;\">Sacha Inch je polod\u0159evit\u00e1 pop\u00ednav\u00e1 rastlina s plodmi v\u00fdrazne rozdelen\u00fdmi na nieko\u013eko \u010dasti do tvaru hviezdy &#8211; v ka\u017edej \u010dasti je semeno.\u00a0Divo rastie alebo b\u00fdva kultivovan\u00e1 od Strednej Ameriky po Bol\u00edvii.\u00a0V Peru rastie v n\u00edzkej aj vy\u0161\u0161ie Amaz\u00f3nii, archeologick\u00e9 n\u00e1lezy v\u0161ak ukazuj\u00fa, \u017ee b\u00fdval v preinkaick\u00fdch dob\u00e1ch kultivovan\u00fd aj na pacifickom pobre\u017e\u00ed.<\/p>\n<p style=\"text-align: justify;\">Olej zo semien sa pou\u017e\u00edval u\u017e od nepam\u00e4ti.\u00a0Semen\u00e1 sa be\u017ene u\u017e\u00edvaj\u00fa ako potravina a to ako varen\u00e1, tak pra\u017een\u00e1.\u00a0V oblasti San Mart\u00edn sa pripravuj\u00fa zo semien jedla s n\u00e1zvami inchicapi, Lechon api alebo pururuca.\u00a0U\u017e\u00edva sa 1 polievkov\u00e1 ly\u017eica denne.<\/p>\n<p style=\"text-align: justify;\">Z vykonan\u00fdch \u0161t\u00fadi\u00ed vypl\u00fdva, \u017ee olej obsahuje a\u017e 89% nenas\u00fdten\u00fdch mastn\u00fdch kysel\u00edn (typu 3, 6, 9) a vysok\u00fd podiel aminokysel\u00edn a bielkov\u00edn.<\/p>\n<p style=\"text-align: justify;\"><strong>O mastn\u00fdch kyselin\u00e1ch:<\/strong>\u00a0\u00a0Najv\u00e4\u010d\u0161ia \u010das\u0165 tukov tvor\u00ed mastn\u00e9 kyseliny, z ktor\u00fdch najd\u00f4le\u017eitej\u0161ie s\u00fa tzv. Esenci\u00e1lne mastn\u00e9 kyseliny, teda kyseliny, ktor\u00e9 si organizmus nedok\u00e1\u017ee vytvori\u0165 s\u00e1m.\u00a0Tieto l\u00e1tky sa z\u00fa\u010dast\u0148uje celej rady k\u013e\u00fa\u010dov\u00fdch procesov v tele.\u00a0Pod\u013ea chemickej charakteristiky rozozn\u00e1vame skupiny: omega-3 (kyselina alfa-linol\u00e9nov\u00e1, ALA) a omega-6 (kyselina gama-linol\u00e9nov\u00e1, GLA \u010di\u017ee linolov\u00e1) a omega-9 (kyselina oleov\u00e1).<\/p>\n<p style=\"text-align: justify;\">Najv\u00fdznamnej\u0161ou skupinou pre \u013eudsk\u00e9 zdravie je skupina omega-3.\u00a0Tieto kyseliny s\u00fa ve\u013emi d\u00f4le\u017eitou zlo\u017ekou prevencie srdcovo-cievnych chor\u00f4b.\u00a0Maj\u00fa schopnos\u0165 br\u00e1ni\u0165 tvorbe krvn\u00fdch zrazen\u00edn (trombov), ktor\u00e9 m\u00f4\u017eu by\u0165 pr\u00ed\u010dinou infarktu myokardu alebo cievnej mozgovej pr\u00edhody, ved\u013ea toho maj\u00fa protiz\u00e1palov\u00fd efekt v organizme a prij\u00edman\u00e9 v dostato\u010dnom mno\u017estve pom\u00e1haj\u00fa v terapii autoimunitn\u00fdch ochoren\u00ed, ak\u00fdmi s\u00fa Crohnova choroba, roztru\u0161en\u00e1 skler\u00f3za, reumatoidn\u00e1 artrit\u00edda a migren\u00f3zne stavy.<\/p>\n<p style=\"text-align: justify;\">Skupiny omega-6 a omega-9 svoj\u00edm sp\u00f4sobom posil\u0148uj\u00fa \u00fa\u010dinok omega-3 NMK, omega-9 mastn\u00e9 kyseliny v\u00fdrazne zni\u017euj\u00fa hladiny cholesterolu a triglyceridov.<\/p>","protected":false},"excerpt":{"rendered":"<p style=\"text-align: justify;\">Posil\u0148uje imunitn\u00fd syst\u00e9m. Spoma\u013euje procesy starnutia, predch\u00e1dza vypad\u00e1vaniu vlasov, posil\u0148uje nechty. Predch\u00e1dza a pom\u00e1ha pri lie\u010dbe ekz\u00e9mov, lupienky. Zni\u017euje hormon\u00e1lne probl\u00e9my u \u017eien. Pom\u00e1ha pri chudnut\u00ed a udr\u017eanie v\u00e1hy.<\/p>\n<p><strong>Balenie: 110 g<\/strong><\/p>","protected":false},"featured_media":747,"comment_status":"open","ping_status":"closed","template":"","meta":[],"product_cat":[17],"product_tag":[34,45,48,22,44,46,47,49],"_links":{"self":[{"href":"https:\/\/anjelinazemi.eu\/en\/wp-json\/wp\/v2\/product\/215"}],"collection":[{"href":"https:\/\/anjelinazemi.eu\/en\/wp-json\/wp\/v2\/product"}],"about":[{"href":"https:\/\/anjelinazemi.eu\/en\/wp-json\/wp\/v2\/types\/product"}],"replies":[{"embeddable":true,"href":"https:\/\/anjelinazemi.eu\/en\/wp-json\/wp\/v2\/comments?post=215"}],"wp:featuredmedia":[{"embeddable":true,"href":"https:\/\/anjelinazemi.eu\/en\/wp-json\/wp\/v2\/media\/747"}],"wp:attachment":[{"href":"https:\/\/anjelinazemi.eu\/en\/wp-json\/wp\/v2\/media?parent=215"}],"wp:term":[{"taxonomy":"product_cat","embeddable":true,"href":"https:\/\/anjelinazemi.eu\/en\/wp-json\/wp\/v2\/product_cat?post=215"},{"taxonomy":"product_tag","embeddable":true,"href":"https:\/\/anjelinazemi.eu\/en\/wp-json\/wp\/v2\/product_tag?post=215"}],"curies":[{"name":"wp","href":"https:\/\/api.w.org\/{rel}","templated":true}]}}