{"id":1942,"date":"2020-08-17T11:23:43","date_gmt":"2020-08-17T09:23:43","guid":{"rendered":"https:\/\/anjelinazemi.eu\/?post_type=product&#038;p=1942"},"modified":"2025-01-16T23:35:07","modified_gmt":"2025-01-16T22:35:07","slug":"vilcacora-caj","status":"publish","type":"product","link":"https:\/\/anjelinazemi.eu\/en\/obchod\/bylinne-zmesi\/vilcacora-caj\/","title":{"rendered":"VILCACORA"},"content":{"rendered":"<p style=\"text-align: justify;\"><strong>Zlo\u017eenie:<\/strong> 100% Vilcacora &#8211; U\u0148a de Gato (Uncaria tomentosa)<\/p>\n<p style=\"text-align: justify;\">Rastlina tie\u017e nesie\u00a0 n\u00e1zov \u0158emdih\u00e1k plstnat\u00fd.<\/p>\n<p style=\"text-align: justify;\"><a href=\"https:\/\/cs.wikipedia.org\/wiki\/%C5%98emdih%C3%A1k_plstnat%C3%BD\">https:\/\/cs.wikipedia.org\/wiki\/%C5%98emdih%C3%A1k_plstnat%C3%BD<\/a><\/p>\n<p style=\"text-align: justify;\">Inform\u00e1cie o Vilcacora mo\u017eno n\u00e1js\u0165 na v\u0161eobecne dostupn\u00fdch zdrojoch:<\/p>\n<p style=\"text-align: justify;\"><a href=\"https:\/\/www.youtube.com\/watch?v=WAiKhGU_xdk&amp;t=2s\">https:\/\/www.youtube.com\/watch?v=WAiKhGU_xdk&amp;t=2s<\/a><\/p>\n<p style=\"text-align: justify;\">Norm\u00e1lny stav k\u013abov<br \/>\nPrirodzen\u00e1 obranyschopnos\u0165 &#8211; imunitn\u00fd syst\u00e9m<\/p>\n<p style=\"text-align: justify;\"><strong>UPOZORNENIE<\/strong>\u00a0:<br \/>\nV\u00fdrobok nie je vhodn\u00fd pre hemofilikov.\u00a0Nie je vhodn\u00e9 tie\u017e pre osoby u\u017e\u00edvaj\u00face lieky na riedenie krvi, zvl\u00e1\u0161\u0165 Warfar\u00edn a tie\u017e pre osoby po transplant\u00e1ci\u00e1ch org\u00e1nov, u\u017e\u00edvaj\u00faci imunosupres\u00edva.<br \/>\nV\u00fdrobok nie je ur\u010den\u00fd ako n\u00e1hrada pestrej stravy.\u00a0U\u017e\u00edvanie nie je vhodn\u00e9 pre mal\u00e9 deti, tehotn\u00e9 a doj\u010diace \u017eeny.<\/p>\n<p style=\"text-align: justify;\">Uchov\u00e1vajte mimo dosahu det\u00ed.<\/p>\n<p style=\"text-align: justify;\">Mo\u017en\u00e1 precitlivenos\u0165 na obsiahnut\u00e9 l\u00e1tky.<\/p>\n<p style=\"text-align: justify;\"><strong>Skladovanie:<\/strong><br \/>\nNeskladova\u0165 na priamom slnku a v mraze.<\/p>\n<p style=\"text-align: justify;\"><strong>D\u00e1vkovanie:<\/strong><br \/>\nPod\u013ea hmotnosti 1 -2 ly\u017ei\u010dky k\u00f4ry zalia\u0165 700 -800 ml studenej vody (ve\u013ea vody sa varom vypar\u00ed) a od bodu varu na miernom ohni vari\u0165 20 min\u00fat a scedi\u0165. Pop\u00edja\u0165 po\u010das d\u0148a v troch rovnomern\u00fdch d\u00e1vkach, najlep\u0161ie pol hodiny pred jedlom.<\/p>","protected":false},"excerpt":{"rendered":"<div class=\"part_ui_wsw\" style=\"text-align: justify;\">Kr\u00e1\u013eovn\u00e1 amazonsk\u00fdm lie\u010div\u00fdch byl\u00edn, ktor\u00e1 m\u00e1 povolen\u00e1 zdravotn\u00e9 tvrdenia na zvy\u0161ovanie obranyschopnosti a udr\u017eiavanie norm\u00e1lneho stavu k\u013abov.<\/div>\n<div style=\"text-align: justify;\"><\/div>\n<div style=\"text-align: justify;\"><strong>Balenie: 150 g<\/strong><\/div>","protected":false},"featured_media":3966,"comment_status":"open","ping_status":"closed","template":"","meta":[],"product_cat":[15,17],"product_tag":[],"_links":{"self":[{"href":"https:\/\/anjelinazemi.eu\/en\/wp-json\/wp\/v2\/product\/1942"}],"collection":[{"href":"https:\/\/anjelinazemi.eu\/en\/wp-json\/wp\/v2\/product"}],"about":[{"href":"https:\/\/anjelinazemi.eu\/en\/wp-json\/wp\/v2\/types\/product"}],"replies":[{"embeddable":true,"href":"https:\/\/anjelinazemi.eu\/en\/wp-json\/wp\/v2\/comments?post=1942"}],"wp:featuredmedia":[{"embeddable":true,"href":"https:\/\/anjelinazemi.eu\/en\/wp-json\/wp\/v2\/media\/3966"}],"wp:attachment":[{"href":"https:\/\/anjelinazemi.eu\/en\/wp-json\/wp\/v2\/media?parent=1942"}],"wp:term":[{"taxonomy":"product_cat","embeddable":true,"href":"https:\/\/anjelinazemi.eu\/en\/wp-json\/wp\/v2\/product_cat?post=1942"},{"taxonomy":"product_tag","embeddable":true,"href":"https:\/\/anjelinazemi.eu\/en\/wp-json\/wp\/v2\/product_tag?post=1942"}],"curies":[{"name":"wp","href":"https:\/\/api.w.org\/{rel}","templated":true}]}}