{"id":161,"date":"2018-03-03T10:19:18","date_gmt":"2018-03-03T09:19:18","guid":{"rendered":"https:\/\/anjelinazemi.eu\/?post_type=product&#038;p=161"},"modified":"2026-02-19T20:42:17","modified_gmt":"2026-02-19T19:42:17","slug":"lucuma-pouteria-lucuma","status":"publish","type":"product","link":"https:\/\/anjelinazemi.eu\/en\/obchod\/superpotraviny\/lucuma-pouteria-lucuma\/","title":{"rendered":"LUCUMA &#8211; POUTERIA LUCUMA"},"content":{"rendered":"<p style=\"text-align: justify;\"><strong>Lucuma<\/strong><br \/>\nZdrav\u00e9 a \u010disto pr\u00edrodn\u00e9 sladidlo s obsahom vl\u00e1kniny. Obsahuje drasl\u00edk, \u017eelezo, zinok, v\u00e1pnik, fosfor, omega kyseliny, sacharidy, bielkoviny a vitam\u00edny skupiny B.<br \/>\nJemne mlet\u00fd pr\u00e1\u0161ok z plodov je zlato\u017eltej farby, charakteristickej sladkej chuti, ktor\u00e1 trochu pripom\u00edna vanilku, karamel, javorov\u00fd sirup alebo aj \u013eahko orie\u0161ky. Obsahuje ve\u013ea \u017eiv\u00edn, vr\u00e1tane beta-karot\u00e9nu, \u017eeleza, zinku, vitam\u00ednu B3, v\u00e1pnika a bielkov\u00edn. Je dobr\u00fdm zdrojom pomaly vstrebate\u013en\u00fdch sacharidov. Plody Lucumy s\u00fa prirodzene sladk\u00e9, ale maj\u00fa n\u00edzky glykemick\u00fd index, tak\u017ee s\u00fa zdravou vo\u013ebou pre jednotlivcov, ktor\u00ed chc\u00fa zn\u00ed\u017ei\u0165 spotrebu cukru. Lucuma m\u00e1 vysok\u00fd obsah niac\u00ednu (vitam\u00edn B3), ktor\u00fd u\u013eah\u010duje metabolizmus prote\u00ednov a m\u00e1 vplyv na tvorbu energie.<br \/>\nOdpor\u00fa\u010da sa na lie\u010dbu depresie, a na udr\u017eanie spr\u00e1vnej \u010dinnosti nervov\u00e9ho syst\u00e9mu. Ned\u00e1vne \u0161t\u00fadie potvrdzuj\u00fa, \u017ee tento vitam\u00edn pom\u00e1ha zn\u00ed\u017ei\u0165 hladinu cholesterolu a triglyceridov v krvi, preto je d\u00f4le\u017eit\u00fd pri lie\u010dbe mnoh\u00fdch chor\u00f4b, najm\u00e4 obezity a kardiovaskul\u00e1rnych ochoren\u00ed. Pomerne vysok\u00e1 hodnota obsahu \u017eeleza pom\u00e1ha k zv\u00fd\u0161eniu hladiny hemoglob\u00ednu v krvi, \u010do je d\u00f4le\u017eit\u00e9 pri boji s an\u00e9miou (v\u010faka sladkej chuti ve\u013emi chut\u00ed aj de\u0165om). Obsah karot\u00e9nu m\u00f4\u017ee zn\u00ed\u017ei\u0165 riziko infarktu myokardu a zvy\u0161uje \u00fa\u010dinnos\u0165 imunitn\u00e9ho syst\u00e9mu. Lucuma, okrem toho, \u017ee m\u00e1 vynikaj\u00facu chu\u0165, m\u00e1 tie\u017e vysok\u00fa v\u00fd\u017eivov\u00fa hodnotu. Pom\u00e1ha zmierni\u0165 pr\u00edznaky \u00fanavy. M\u00e1 dobr\u00fd vplyv na stav poko\u017eky. Pom\u00e1ha pri lie\u010dbe ko\u017en\u00fdch ochoren\u00ed a podr\u00e1\u017edenie. Taktie\u017e vhodn\u00e1 pre diabetikov (n\u00edzky glykemick\u00fd index).<\/p>\n<p style=\"text-align: justify;\"><strong>Pou\u017eitie:<\/strong> 1-2 \u010dajov\u00e9 ly\u017ei\u010dky pr\u00e1\u0161ku denne, najlep\u0161ie rozpusti\u0165 vo vode a vypi\u0165 alebo vmie\u0161a\u0165 do jedla.<\/p>\n<p style=\"text-align: justify;\"><strong>Zlo\u017eenie:<\/strong> 100% Lucuma &#8211; jemne mlet\u00fd pr\u00e1\u0161ok<\/p>\n<p style=\"text-align: justify;\"><strong>Hmotnos\u0165:<\/strong> 111 g<br \/>\nSkladujte v suchu a teplote do 25 \u00b0 C. Nevystavujte priamemu slne\u010dn\u00e9mu \u017eiareniu.<\/p>","protected":false},"excerpt":{"rendered":"<p>Zdrav\u00e9 a \u010disto pr\u00edrodn\u00e9 sladidlo s obsahom vl\u00e1kniny.<br \/>\n<strong>Hmotnos\u0165: 111 g<\/strong><\/p>","protected":false},"featured_media":4293,"comment_status":"open","ping_status":"closed","template":"","meta":[],"product_cat":[17],"product_tag":[24,41,34,32],"_links":{"self":[{"href":"https:\/\/anjelinazemi.eu\/en\/wp-json\/wp\/v2\/product\/161"}],"collection":[{"href":"https:\/\/anjelinazemi.eu\/en\/wp-json\/wp\/v2\/product"}],"about":[{"href":"https:\/\/anjelinazemi.eu\/en\/wp-json\/wp\/v2\/types\/product"}],"replies":[{"embeddable":true,"href":"https:\/\/anjelinazemi.eu\/en\/wp-json\/wp\/v2\/comments?post=161"}],"wp:featuredmedia":[{"embeddable":true,"href":"https:\/\/anjelinazemi.eu\/en\/wp-json\/wp\/v2\/media\/4293"}],"wp:attachment":[{"href":"https:\/\/anjelinazemi.eu\/en\/wp-json\/wp\/v2\/media?parent=161"}],"wp:term":[{"taxonomy":"product_cat","embeddable":true,"href":"https:\/\/anjelinazemi.eu\/en\/wp-json\/wp\/v2\/product_cat?post=161"},{"taxonomy":"product_tag","embeddable":true,"href":"https:\/\/anjelinazemi.eu\/en\/wp-json\/wp\/v2\/product_tag?post=161"}],"curies":[{"name":"wp","href":"https:\/\/api.w.org\/{rel}","templated":true}]}}