{"id":139,"date":"2018-02-27T19:20:01","date_gmt":"2018-02-27T18:20:01","guid":{"rendered":"https:\/\/anjelinazemi.eu\/?post_type=product&#038;p=139"},"modified":"2025-01-13T02:18:19","modified_gmt":"2025-01-13T01:18:19","slug":"camu-camu-myrciaria-dubia","status":"publish","type":"product","link":"https:\/\/anjelinazemi.eu\/en\/obchod\/superpotraviny\/camu-camu-myrciaria-dubia\/","title":{"rendered":"CAMU CAMU<br>Najbohat\u0161\u00ed zdroj vitam\u00ednu C"},"content":{"rendered":"<p style=\"text-align: justify;\"><strong>Camu camu &#8211; Myrciaria dubia<\/strong><br \/>\nZelen\u00e9 a \u010derven\u00e9 plody stromu Camu camu, ktor\u00e9 vyzeraj\u00fa ako mal\u00e9 jablk\u00e1, s\u00fa pozoruhodn\u00e9 svojim obsahom vitam\u00ednu C. S\u00fa najbohat\u0161\u00edm doteraz objaven\u00fdm zdrojom vitam\u00ednu C, obsahuj\u00fa ho tridsa\u0165kr\u00e1t viac ako citrusy. Maj\u00fa preto obrovsk\u00fd v\u00fdznam pre \u013eudsk\u00e9 zdravie a pre podporu imunitn\u00e9ho syst\u00e9mu.<br \/>\nPriazniv\u00e9 \u00fa\u010dinky vitam\u00ednu C:<br \/>\n&#8211; antioxida\u010dn\u00e9 \u00fa\u010dinky ochra\u0148uj\u00face bunky v tele<br \/>\n&#8211; priaznivo prispieva k zdraviu kardiovaskul\u00e1rneho syst\u00e9mu<br \/>\n&#8211; pom\u00e1ha k spr\u00e1vnej pr\u00e1ci nervov\u00e9ho syst\u00e9mu<br \/>\n&#8211; napom\u00e1ha pri rekonvalescencii<br \/>\n&#8211; podporuje imunitn\u00fd syst\u00e9m a stavbu a udr\u017eiavanie zdrav\u00fdch kost\u00ed, zubov, chrupaviek, \u010fasien a ko\u017ee<br \/>\n&#8211; je nevyhnutn\u00fd pre energetick\u00fd metabolizmus a transform\u00e1ciu potravy v energiu<br \/>\n&#8211; prispieva k absorpcii \u017eeleza z potravy<br \/>\nSkladujte v suchu a teplote do 25 \u00b0 C. Nevystavujte priamemu slne\u010dn\u00e9mu \u017eiareniu.<br \/>\n<strong>Zlo\u017eenie:<\/strong> Camu camu (Myrciaria dubia) &#8211; jemne mlet\u00fd pr\u00e1\u0161ok<br \/>\n<strong>Pou\u017eitie:<\/strong> 1-2 ly\u017ei\u010dky pr\u00e1\u0161ku denne rozmie\u0161a\u0165 vo vode a vypi\u0165 alebo vmie\u0161a\u0165 do jedla<br \/>\n<strong>Hmotnos\u0165:<\/strong> 111 g<br \/>\nNie je n\u00e1hradou pestrej stravy ani predp\u00edsan\u00e9 medik\u00e1cie.<\/p>","protected":false},"excerpt":{"rendered":"<p><strong>MYRCIARA DUBIA<\/strong><\/p>\n<p style=\"text-align: justify;\">Zelen\u00e9 a \u010derven\u00e9 plody stromu Camu camu, ktor\u00e9 vyzeraj\u00fa ako mal\u00e9 jablk\u00e1, s\u00fa pozoruhodn\u00e9 svoj\u00edm obsahom vitam\u00ednu C. S\u00fa najbohat\u0161\u00edm doteraz objaven\u00fdm zdrojom vitam\u00ednu C, obsahuj\u00fa ho tridsa\u0165kr\u00e1t viac ako citrusy. Maj\u00fa preto obrovsk\u00fd v\u00fdznam pre \u013eudsk\u00e9 zdravie a pre podporu imunitn\u00e9ho syst\u00e9mu.<\/p>\n<p style=\"text-align: justify;\"><strong>Balenie: 111g<\/strong><\/p>","protected":false},"featured_media":4396,"comment_status":"open","ping_status":"closed","template":"","meta":[],"product_cat":[17],"product_tag":[20,34,35,21,32,33,25,36],"_links":{"self":[{"href":"https:\/\/anjelinazemi.eu\/en\/wp-json\/wp\/v2\/product\/139"}],"collection":[{"href":"https:\/\/anjelinazemi.eu\/en\/wp-json\/wp\/v2\/product"}],"about":[{"href":"https:\/\/anjelinazemi.eu\/en\/wp-json\/wp\/v2\/types\/product"}],"replies":[{"embeddable":true,"href":"https:\/\/anjelinazemi.eu\/en\/wp-json\/wp\/v2\/comments?post=139"}],"wp:featuredmedia":[{"embeddable":true,"href":"https:\/\/anjelinazemi.eu\/en\/wp-json\/wp\/v2\/media\/4396"}],"wp:attachment":[{"href":"https:\/\/anjelinazemi.eu\/en\/wp-json\/wp\/v2\/media?parent=139"}],"wp:term":[{"taxonomy":"product_cat","embeddable":true,"href":"https:\/\/anjelinazemi.eu\/en\/wp-json\/wp\/v2\/product_cat?post=139"},{"taxonomy":"product_tag","embeddable":true,"href":"https:\/\/anjelinazemi.eu\/en\/wp-json\/wp\/v2\/product_tag?post=139"}],"curies":[{"name":"wp","href":"https:\/\/api.w.org\/{rel}","templated":true}]}}