{"id":101,"date":"2018-02-25T19:15:39","date_gmt":"2018-02-25T18:15:39","guid":{"rendered":"https:\/\/anjelinazemi.eu\/?post_type=product&#038;p=101"},"modified":"2025-01-13T02:23:21","modified_gmt":"2025-01-13T01:23:21","slug":"sangre-de-drago-dracia-krv-2","status":"publish","type":"product","link":"https:\/\/anjelinazemi.eu\/en\/obchod\/superpotraviny\/sangre-de-drago-dracia-krv-2\/","title":{"rendered":"DRA\u010cIA KRV &#8211; SANGRE DE DRAGO"},"content":{"rendered":"<p><strong>Sangre de Drago &#8211; Dra\u010dia Krv<\/strong><br \/>\nPou\u017eitie:<br \/>\n&#8211; na z\u00e1paly slizn\u00edc tr\u00e1viaceho traktu, \u010driev, \u00fastnej dutiny, k\u013abov, ko\u017ee a pri aftoch<br \/>\n&#8211; pri \u017eal\u00fado\u010dn\u00fdch vredoch<br \/>\n&#8211; dra\u010dia krv m\u00e1 vynikaj\u00face v\u00fdsledky pri obmedzovan\u00ed \u0161\u00edrenia chr\u00edpkov\u00fdch v\u00edrusov, herpesov a v\u00edrusov hepatit\u00eddy A a B<br \/>\n&#8211; na r\u00f4zne druhy ko\u017en\u00fdch plesn\u00ed a bakt\u00e9ri\u00ed (Helikobacter pylori, zlal\u00fd stafylokokus a i.)<br \/>\n&#8211; pri zv\u00fd\u0161enej telesnej teplote<br \/>\n&#8211; dra\u010dia krv m\u00e1 antioxida\u010dn\u00e9 a detoxika\u010dn\u00e9 \u00fa\u010dinky<br \/>\n&#8211; priazniv\u00e9 \u00fa\u010dinky pri prevencii n\u00e1dorov\u00fdch ochoren\u00ed a regener\u00e1cii po\u0161koden\u00fdch tkan\u00edv<br \/>\n&#8211; na povrchov\u00e9 i vn\u00fatorn\u00e9 krv\u00e1canie<br \/>\n&#8211; \u00fa\u010dinkuje antisepticky, ako potenci\u00e1lne antivirotikum a bakteriostatikum<br \/>\n&#8211; dra\u010dia krv je siln\u00e9 pr\u00edrodn\u00e9 antibiotikum<br \/>\n&#8211; pri bolestiach hlavy, zubov, men\u0161trua\u010dn\u00fdch bolestiach, bolestiach pri z\u00e1paloch a pod. m\u00e1 dra\u010dia krv analgetick\u00e9 \u00fa\u010dinky<br \/>\n&#8211; m\u00e1 priazniv\u00e9 \u00fa\u010dinky pri \u00faprave hladiny cukru v krvi<br \/>\n&#8211; dra\u010dia krv je vynikaj\u00faca tie\u017e pri r\u00f4znych z\u00e1paloch po\u0161vy, vagin\u00e1lnych v\u00fdtokoch a svrben\u00ed<br \/>\n&#8211; priaznivo p\u00f4sob\u00ed pri paradent\u00f3ze, pri zv\u00fd\u0161enej kazivosti zubov a po ich extrakcii<br \/>\n&#8211; priaznivo p\u00f4sob\u00ed na stavbu kost\u00ed a k\u013abov, pri artr\u00f3ze, pri probl\u00e9moch s chrbticou<br \/>\n&#8211; dra\u010dia krv je vynikaj\u00faca na podporu plodnosti<br \/>\n<strong>D\u00e1vkovanie Dra\u010dej krvi:<\/strong> 5 kvapiek rozpusten\u00fdch v malom mno\u017estve vody. Pi\u0165 max. 3 x denne.<br \/>\n<strong>Balenie:<\/strong>\u00a055 ml<br \/>\nV\u0161etky uveden\u00e9 texty maj\u00fa v\u00fdhradne informat\u00edvny charakter a sl\u00fa\u017eia k v\u0161eobecne popisn\u00fdm a vzdel\u00e1vac\u00edm potreb\u00e1m.<\/p>","protected":false},"excerpt":{"rendered":"<p style=\"text-align: justify;\">Sangre de Drago (Dra\u010dia krv) je \u010dist\u00fd kvapaln\u00fd latex z peru\u00e1nskej rastliny Croton lechleri.<br \/>\n<strong>Balenie: 55 ml<\/strong><\/p>","protected":false},"featured_media":774,"comment_status":"open","ping_status":"closed","template":"","meta":[],"product_cat":[17],"product_tag":[19,18],"_links":{"self":[{"href":"https:\/\/anjelinazemi.eu\/en\/wp-json\/wp\/v2\/product\/101"}],"collection":[{"href":"https:\/\/anjelinazemi.eu\/en\/wp-json\/wp\/v2\/product"}],"about":[{"href":"https:\/\/anjelinazemi.eu\/en\/wp-json\/wp\/v2\/types\/product"}],"replies":[{"embeddable":true,"href":"https:\/\/anjelinazemi.eu\/en\/wp-json\/wp\/v2\/comments?post=101"}],"wp:featuredmedia":[{"embeddable":true,"href":"https:\/\/anjelinazemi.eu\/en\/wp-json\/wp\/v2\/media\/774"}],"wp:attachment":[{"href":"https:\/\/anjelinazemi.eu\/en\/wp-json\/wp\/v2\/media?parent=101"}],"wp:term":[{"taxonomy":"product_cat","embeddable":true,"href":"https:\/\/anjelinazemi.eu\/en\/wp-json\/wp\/v2\/product_cat?post=101"},{"taxonomy":"product_tag","embeddable":true,"href":"https:\/\/anjelinazemi.eu\/en\/wp-json\/wp\/v2\/product_tag?post=101"}],"curies":[{"name":"wp","href":"https:\/\/api.w.org\/{rel}","templated":true}]}}