{"id":1001,"date":"2019-07-22T10:05:07","date_gmt":"2019-07-22T08:05:07","guid":{"rendered":"https:\/\/anjelinazemi.eu\/?post_type=product&#038;p=1001"},"modified":"2023-06-29T02:07:04","modified_gmt":"2023-06-29T00:07:04","slug":"palo-santo-2","status":"publish","type":"product","link":"https:\/\/anjelinazemi.eu\/en\/obchod\/superpotraviny\/palo-santo-2\/","title":{"rendered":"PALO SANTO"},"content":{"rendered":"<p>Vonn\u00e9 drievka vyroben\u00e1 miestnymi obyvate\u013emi Peru, s\u00fa tradi\u010dn\u00fdm vykurovadlom danej oblasti. Sp\u013a\u0148aj\u00fa vysok\u00e9 n\u00e1roky na p\u00f4vod a kvalitu spolo\u010dne s d\u00f4razom na pr\u00edrodn\u00e9 zlo\u017eenie produktu. M\u00f4\u017eu n\u00e1m posl\u00fa\u017ei\u0165 v okamih, ke\u010f potrebujeme r\u00fdchlo a efekt\u00edvne o\u010disti\u0165 priestor, navodi\u0165 patri\u010dn\u00fa atmosf\u00e9ru alebo odprevadi\u0165 \u010dinnos\u0165, pri ktorej je potrebn\u00e9 posilnenie a d\u00f4raz na spiritu\u00e1lnu str\u00e1nku veci.<\/p>\n<p>Drevo tohto stredoamerick\u00e9ho stromu m\u00e1 pre dan\u00fa oblas\u0165 nesmierny v\u00fdznam, bolo odprad\u00e1vna pou\u017e\u00edvan\u00e9 prap\u00f4vodn\u00fdmi obyvate\u013emi pre svoje magick\u00e9 a lie\u010debn\u00e9 \u00fa\u010dely.<\/p>\n<p>V\u00fdznamn\u00e9 s\u00fa jeho o\u010distn\u00e9 \u00fa\u010dinky, miestni \u0161amani p\u00e1lia drevo a k\u0148az ho incenzuje s n\u00edm miesto aj osoby pred lie\u010debn\u00fdmi ritu\u00e1ly, sl\u00fa\u017ei na zahnanie ne\u0161\u0165astia a pohr\u00f4m, odstra\u0148uje odtla\u010dky zl\u00fdch energi\u00ed a negat\u00edvnych s\u00edl.\u00a0M\u00e1 aj upokojuj\u00face vlastnosti, otv\u00e1ra ducha a umo\u017e\u0148uje vstup do inej reality, dobre sa hod\u00ed k vykurovan\u00ed na ve\u010der, \u010dasto vo svojej domovine sprev\u00e1dza ritu\u00e1ly.a<\/p>\n<p>Spa\u013eujte, ak potrebujete silne o\u010disti\u0165 priestor alebo osoby, na zahnanie v\u0161etk\u00e9ho negat\u00edvneho, pri \u00fanave sp\u00f4sobenej nervov\u00fdm vy\u010derpan\u00edm, na upokojenie, zv\u00fd\u0161enie citlivosti k jemnohmotn\u00fdm vibr\u00e1ci\u00e1m aj navodenie ve\u0161teck\u00fdch schopnost\u00ed a v\u00edzi\u00ed, ihlan\u010deky maj\u00fa sladko kokosov\u00fa v\u00f4\u0148u, \u017eivicov\u00e9 drevit\u00fa s jemn\u00fdmi t\u00f3nmi exotick\u00e9ho ovocia.<\/p>","protected":false},"excerpt":{"rendered":"<h4 class=\"elm_title text--uppercase\"><strong>POPIS<\/strong><\/h4>\n<div class=\"part_ui_wsw\">Spa\u013eujte, ak potrebujete silne o\u010disti\u0165 priestor alebo osoby, na zahnanie v\u0161etk\u00e9ho negat\u00edvneho, pri \u00fanave sp\u00f4sobenej nervov\u00fdm vy\u010derpan\u00edm, na upokojenie, zv\u00fd\u0161enie citlivosti k jemnohmotn\u00fdm vibr\u00e1ci\u00e1m aj navodenie ve\u0161teck\u00fdch schopnost\u00ed a v\u00edzi\u00ed, ihlan\u010deky maj\u00fa sladko kokosov\u00fa v\u00f4\u0148u, \u017eivicov\u00e9 drevit\u00fa s jemn\u00fdmi t\u00f3nmi exotick\u00e9ho ovocia.<\/div>\n<div><\/div>\n<div><\/div>\n<div><strong>Balenie: 2 ks<\/strong><\/div>","protected":false},"featured_media":1002,"comment_status":"open","ping_status":"closed","template":"","meta":[],"product_cat":[17],"product_tag":[],"_links":{"self":[{"href":"https:\/\/anjelinazemi.eu\/en\/wp-json\/wp\/v2\/product\/1001"}],"collection":[{"href":"https:\/\/anjelinazemi.eu\/en\/wp-json\/wp\/v2\/product"}],"about":[{"href":"https:\/\/anjelinazemi.eu\/en\/wp-json\/wp\/v2\/types\/product"}],"replies":[{"embeddable":true,"href":"https:\/\/anjelinazemi.eu\/en\/wp-json\/wp\/v2\/comments?post=1001"}],"wp:featuredmedia":[{"embeddable":true,"href":"https:\/\/anjelinazemi.eu\/en\/wp-json\/wp\/v2\/media\/1002"}],"wp:attachment":[{"href":"https:\/\/anjelinazemi.eu\/en\/wp-json\/wp\/v2\/media?parent=1001"}],"wp:term":[{"taxonomy":"product_cat","embeddable":true,"href":"https:\/\/anjelinazemi.eu\/en\/wp-json\/wp\/v2\/product_cat?post=1001"},{"taxonomy":"product_tag","embeddable":true,"href":"https:\/\/anjelinazemi.eu\/en\/wp-json\/wp\/v2\/product_tag?post=1001"}],"curies":[{"name":"wp","href":"https:\/\/api.w.org\/{rel}","templated":true}]}}