{"id":282,"date":"2018-06-04T16:54:33","date_gmt":"2018-06-04T14:54:33","guid":{"rendered":"https:\/\/anjelinazemi.eu\/?page_id=282"},"modified":"2022-06-24T17:43:06","modified_gmt":"2022-06-24T15:43:06","slug":"ochrana-osobnych-udajov","status":"publish","type":"page","link":"https:\/\/anjelinazemi.eu\/en\/ochrana-osobnych-udajov\/","title":{"rendered":"Ochrana osobn\u00fdch \u00fadajov"},"content":{"rendered":"<p>Samostatne z\u00e1robkovo \u010dinn\u00e1 osoba,<strong> Anna Zemanov\u00e1, Dlh\u00e1 95\/54, 935 32 Kaln\u00e1 nad Hronom, I\u010cO: 48 219 444&nbsp;<\/strong>(\u010falej len&nbsp;<strong>\u201emy\u201c<\/strong>) venuje ochrane osobn\u00fdch \u00fadajov ve\u013ek\u00fa pozornos\u0165. V tomto dokumente n\u00e1jdete inform\u00e1cie o tom, ak\u00e9 osobn\u00e9 \u00fadaje spracov\u00e1vame najm\u00e4 o na\u0161ich z\u00e1kazn\u00edkoch a u\u017e\u00edvate\u013eoch n\u00e1\u0161ho webu, \u010di \u00fadaje spracov\u00e1vame na z\u00e1klade s\u00fahlasu alebo na z\u00e1klade in\u00e9ho pr\u00e1vneho d\u00f4vodu, k ak\u00fdm \u00fa\u010delom ich pou\u017e\u00edvame, komu ich m\u00f4\u017eeme odovzd\u00e1va\u0165 a ak\u00e9 m\u00e1me v s\u00favislosti so spracovan\u00edm va\u0161ich osobn\u00fdch \u00fadajov pr\u00e1va.<\/p>\n\n\n\n<h3 class=\"wp-block-heading\">Ak\u00e9 osobn\u00e9 \u00fadaje spracov\u00e1vame?<\/h3>\n\n\n\n<p><em>Ke\u010f pou\u017e\u00edvate na\u0161e slu\u017eby, zbierame r\u00f4zne typy \u00fadajov, ako s\u00fa va\u0161e u\u017e\u00edvate\u013esk\u00e9 meno a heslo, va\u0161e kontakty a \u010fal\u0161ie nastavenia. Sledujeme, ak\u00e9 produkty si prehliadate na na\u0161om webe a z ak\u00e9ho zariadenia, aby sme v\u00e1m zobrazili ponuky na mieru a v bud\u00facnosti mohli n\u00e1\u0161 web \u010falej zlep\u0161ova\u0165. Pokia\u013e u n\u00e1s nak\u00fapite, alebo si vytvor\u00edte \u00fa\u010det, pracujeme tie\u017e s menom a priezviskom, va\u0161imi objedn\u00e1vkami a \u00fadajmi, ktor\u00e9 si nastav\u00edte vo svojom \u00fa\u010dte.<\/em><\/p>\n\n\n\n<p>Spracov\u00e1vame nasleduj\u00face osobn\u00e9 \u00fadaje:<\/p>\n\n\n\n<ol><li><strong>identifika\u010dn\u00e9 \u00fadaje<\/strong>, ktor\u00fdmi sa rozumie najm\u00e4 meno a priezvisko, u\u017e\u00edvate\u013esk\u00e9 meno a heslo, I\u010cO a DI\u010c, ak ste podnikate\u013e;<\/li><li><strong>kontaktn\u00e9 \u00fadaje<\/strong>, nimi sa rozumej\u00fa osobn\u00e9 \u00fadaje, ktor\u00e9 n\u00e1m umo\u017e\u0148uj\u00fa kontakt s vami, najm\u00e4 e-mailov\u00e1 adresa, telef\u00f3nne \u010d\u00edslo, adresa pre doru\u010denie, faktura\u010dn\u00e1 adresa a v\u00e1\u0161 kontakt na soci\u00e1lnych sie\u0165ach;<\/li><li><strong>va\u0161e nastavenia<\/strong>, ktor\u00fdmi sa rozumej\u00fa \u00fadaje vo va\u0161om \u00fa\u010dte, najm\u00e4 ulo\u017een\u00e9 adresy a profily, va\u0161e hodnotenie produktov a slu\u017eieb a vyplnen\u00e9 dotazn\u00edky;<\/li><li><strong>\u00fadaje o va\u0161ich objedn\u00e1vkach<\/strong>, ktor\u00fdmi s\u00fa najm\u00e4 \u00fadaje o tovare a slu\u017eb\u00e1ch, ktor\u00e9 ste si objednali, sp\u00f4sobe doru\u010denia a platby vr\u00e1tane \u010d\u00edsla platobn\u00e9ho \u00fa\u010dtu a \u00fadaje o reklam\u00e1ci\u00e1ch;<\/li><li><strong>\u00fadaje o va\u0161om spr\u00e1van\u00ed na webe<\/strong>, vr\u00e1tane pr\u00edpadov, ke\u010f ho prezer\u00e1te cez na\u0161u mobiln\u00fa aplik\u00e1ciu, najm\u00e4 tovary a slu\u017eby, ktor\u00e9 si zobrazujete, odkazy, na ktor\u00e9 klik\u00e1te, sp\u00f4sob pohybu po na\u0161om webe a pos\u00favanie obrazovky a tie\u017e \u00fadaje o zariaden\u00ed, z ktor\u00e9ho si n\u00e1\u0161 web prehliadate, ako je IP adresa a z nej odvoden\u00e1 poloha, identifik\u00e1cia zariadenia, jeho technick\u00e9 parametre ako opera\u010dn\u00fd syst\u00e9m a jeho verzia, rozl\u00ed\u0161enie obrazovky, pou\u017eit\u00fd prehliada\u010d a jeho verzia a tie\u017e \u00fadaje z\u00edskan\u00e9 zo s\u00faborov cookie a podobn\u00fdch technol\u00f3gi\u00ed pre identifik\u00e1ciu zariaden\u00ed;<\/li><li><strong>odvoden\u00e9 \u00fadaje<\/strong>, ktor\u00fdmi sa rozumej\u00fa osobn\u00e9 \u00fadaje odvoden\u00e9 z v\u00e1\u0161ho nastavenia, \u00fadaje o tovare a slu\u017eb\u00e1ch, ktor\u00e9 si u n\u00e1s nak\u00fapite, \u00fadaje o va\u0161om spr\u00e1van\u00ed na webe<\/li><li><strong>\u00fadaje s\u00favisiace s vyu\u017eit\u00edm emailovej komunik\u00e1cie alebo n\u00e1v\u0161tevou predajne<\/strong>, ktor\u00fdmi s\u00fa najm\u00e4 Va\u0161e emailov\u00e9 spr\u00e1vy, identifik\u00e1cia spr\u00e1v, ktor\u00e9 n\u00e1m zasielate, vr. identifik\u00e1torov, ako s\u00fa IP adresy<\/li><\/ol>\n\n\n\n<h3 class=\"wp-block-heading\">Pre\u010do osobn\u00e9 \u00fadaje spracov\u00e1vame?<\/h3>\n\n\n\n<p><em>Va\u0161e osobn\u00e9 \u00fadaje spracov\u00e1vame v r\u00f4znych situ\u00e1ci\u00e1ch pre r\u00f4zne \u00fa\u010dely. Ak pou\u017e\u00edvate n\u00e1\u0161 web, na ktorom vyu\u017e\u00edvame i s\u00fabory cookies, pou\u017e\u00edvame va\u0161e \u00fadaje najm\u00e4 na sledovanie n\u00e1v\u0161tevnosti a zlep\u0161ovanie na\u0161ich slu\u017eieb. Ak sa u n\u00e1s zaregistrujete, vyu\u017e\u00edvame va\u0161e \u00fadaje pre vedenie v\u00e1\u0161ho \u00fa\u010dtu \/ \u00fa\u010dtov a poskytovanie s\u00favisiacich funkci\u00ed. Ak u n\u00e1s nak\u00fapite, pou\u017e\u00edvame va\u0161e \u00fadaje, aby sme vybavili va\u0161u objedn\u00e1vku, chr\u00e1nili svoje pr\u00e1vne n\u00e1roky a plnili svoje z\u00e1konn\u00e9 povinnosti. Tie\u017e v\u00e1m s pomocou va\u0161ich kontaktov a \u010fal\u0161\u00edch \u00fadajov zobrazujeme prisp\u00f4soben\u00e9 ponuky. S va\u0161\u00edm s\u00fahlasom odovzd\u00e1vame \u00fadaje tret\u00edm stran\u00e1m. Na spracovanie osobn\u00fdch \u00fadajov n\u00e1s opr\u00e1v\u0148uje bu\u010f pr\u00edprava \u010di plnenie zmluvy s vami, dodr\u017eiavanie pr\u00e1vnych povinnost\u00ed, na\u0161e opr\u00e1vnen\u00e9 z\u00e1ujmy alebo v\u00e1\u0161 s\u00fahlas.<\/em><\/p>\n\n\n\n<p>V r\u00e1mci na\u0161ej \u010dinnosti spracov\u00e1vame osobn\u00e9 \u00fadaje pre r\u00f4zne \u00fa\u010dely a v r\u00f4znom rozsahu, bu\u010f:<\/p>\n\n\n\n<ol><li><strong>bez v\u00e1\u0161ho s\u00fahlasu na z\u00e1klade plnenia zmluvy, n\u00e1\u0161ho opr\u00e1vnen\u00e9ho z\u00e1ujmu alebo z d\u00f4vodu plnenia pr\u00e1vnej povinnosti, <\/strong>alebo<\/li><li><strong>na z\u00e1klade v\u00e1\u0161ho s\u00fahlasu.<\/strong><\/li><\/ol>\n\n\n\n<p>Ak\u00e9 spracovanie m\u00f4\u017eeme vykon\u00e1va\u0165 bez v\u00e1\u0161ho s\u00fahlasu, z\u00e1vis\u00ed od toho, na ak\u00fd \u00fa\u010del pr\u00edslu\u0161n\u00e9 spracovanie smeruje a v akej poz\u00edcii vo\u010di n\u00e1m vystupujete \u2013 \u010di ste len n\u00e1v\u0161tevn\u00edkom n\u00e1\u0161ho webu, alebo sa u n\u00e1s zaregistrujete \u010di nak\u00fapite. Va\u0161e \u00fadaje m\u00f4\u017eeme tie\u017e spracov\u00e1va\u0165, ak ste adres\u00e1tom tovaru alebo slu\u017eby, ktor\u00e9 s\u00fa u n\u00e1s objednan\u00e9, ak s nami komunikujete alebo ak nav\u0161t\u00edvite na\u0161u predaj\u0148u.<\/p>\n\n\n\n<h3 class=\"wp-block-heading\">Kto Va\u0161e osobn\u00e9 \u00fadaje spracov\u00e1va?<\/h3>\n\n\n\n<p><em>Vo v\u00e4\u010d\u0161ine pr\u00edpadov spracov\u00e1vame va\u0161e \u00fadaje pre vlastn\u00e9 \u00fa\u010dely ako ich spr\u00e1vca. V takom pr\u00edpade va\u0161e \u00fadaje odovzd\u00e1vame na\u0161im partnerom pre zaistenie platby, prepravy a \u010fal\u0161\u00edch n\u00e1le\u017eitost\u00ed va\u0161ej objedn\u00e1vky. \u00dadaje tie\u017e odovzd\u00e1vame na\u0161im spracovate\u013eom, ktor\u00ed ich spracov\u00e1vaj\u00fa pod\u013ea na\u0161ich pokynov.<\/em><\/p>\n\n\n\n<p>V\u0161etky spomenut\u00e9 osobn\u00e9 \u00fadaje spracov\u00e1vame my ako&nbsp;<strong>spr\u00e1vca<\/strong>. To znamen\u00e1, \u017ee my stanovujeme zhora vymedzen\u00e9 \u00fa\u010dely, pre ktor\u00e9 va\u0161e osobn\u00e9 \u00fadaje zhroma\u017e\u010fujeme, ur\u010dujeme prostriedky spracovania a zodpoved\u00e1me za ich riadne vykonanie.<\/p>\n\n\n\n<p>Va\u0161e osobn\u00e9 \u00fadaje m\u00f4\u017eeme odovzd\u00e1va\u0165 tie\u017e \u010fal\u0161\u00edm subjektom, ktor\u00e9 sa nach\u00e1dzaj\u00fa v \u00falohe&nbsp;<strong>spracovate\u013ea a&nbsp;ktor\u00ed sprac\u00favaj\u00fa osobn\u00e9 \u00fadaje iba pod\u013ea na\u0161ich pokynov<\/strong>, a to:<\/p>\n\n\n\n<p><strong><em>v s\u00favislosti s vybavovan\u00edm va\u0161ej objedn\u00e1vky na\u0161im partnerom, ktor\u00ed sa na tomto vybaven\u00ed podie\u013eaj\u00fa<\/em><\/strong> <strong><em>alebo m\u00f4\u017eu podie\u013ea\u0165:<\/em><\/strong><\/p>\n\n\n\n<ol><li>prepravn\u00fdm partnerom, najm\u00e4 spolo\u010dnostiam, Slovensk\u00e1 po\u0161ta, a.s., I\u010cO: 36631124; TOPTRANS EU, a.s., I\u010cO: 36703923; INTIME, s.r.o., I\u010cO 31342621; Direct Parcel Distribution SK s.r.o., I\u010cO 35834498; GEBR\u00dcDER WEISS, s.r.o., I\u010cO 31341381; Ulo\u017eenka Slovakia s.r.o. , I\u010cO 46063714, v pr\u00edpade, \u017ee by V\u00e1m doru\u010dovali Va\u0161u objedn\u00e1vku;<\/li><li>dod\u00e1vate\u013eovi tovaru alebo servisn\u00e9mu centru pr\u00edslu\u0161n\u00e9ho v\u00fdrobcu v s\u00favislosti s reklam\u00e1ciou objednan\u00e9ho tovaru alebo slu\u017eby;<\/li><\/ol>\n\n\n\n<p><strong><em>&nbsp;v s\u00favislosti s tvorbou a spr\u00e1vou na\u0161ich webov\u00fdch str\u00e1nok<\/em><\/strong><\/p>\n\n\n\n<ol><li>spolo\u010dnosti BOH\u00c1K, s.r.o., \u010cerny\u0161evsk\u00e9ho 10, 851 01 Bratislava, I\u010cO: 51 439 166<\/li><\/ol>\n\n\n\n<h3 class=\"wp-block-heading\">Z ak\u00fdch zdrojov z\u00edskavame Va\u0161e osobn\u00e9 \u00fadaje?<\/h3>\n\n\n\n<p><em>Osobn\u00e9 \u00fadaje v\u00e4\u010d\u0161inou z\u00edskavame priamo od v\u00e1s prostredn\u00edctvom n\u00e1\u0161ho webu alebo pri komunik\u00e1cii s vami.<\/em><\/p>\n\n\n\n<p>Vo v\u00e4\u010d\u0161ine pr\u00edpadov spracov\u00e1vame osobn\u00e9 \u00fadaje, ktor\u00e9 n\u00e1m poskytnete v r\u00e1mci objedn\u00e1vania tovaru alebo slu\u017eieb, vytv\u00e1ranie a pou\u017e\u00edvanie \u00fa\u010dtu, alebo pri komunik\u00e1cii s nami napr\u00edklad telefonicky alebo elektronickou po\u0161tou. Osobn\u00e9 \u00fadaje priamo od v\u00e1s z\u00edskavame tie\u017e sledovan\u00edm v\u00e1\u0161ho spr\u00e1vania na na\u0161om webe.<\/p>\n\n\n\n<p>Pokia\u013e u n\u00e1s nak\u00fapite, m\u00f4\u017eeme v s\u00favislosti s plnen\u00edm uzatvorenej k\u00fapnej zmluvy z\u00edska\u0165&nbsp;<strong>dodato\u010dn\u00e9 \u00fadaje o va\u0161ich objedn\u00e1vkach<\/strong>&nbsp;od b\u00e1nk, na\u0161ich partnerov prev\u00e1dzkuj\u00facich platobn\u00e9 syst\u00e9my, prepravn\u00fdch partnerov, napr\u00edklad \u00fadaj o \u010d\u00edsle v\u00e1\u0161ho \u00fa\u010dtu , \u00faspe\u0161nom vykonan\u00ed platby, alebo doru\u010denia a prevzatia tovaru.<\/p>\n\n\n\n<h3 class=\"wp-block-heading\">Ak\u00e9 m\u00e1te pr\u00e1va pri spracovan\u00ed ochrany osobn\u00fdch \u00fadajov?<\/h3>\n\n\n\n<p><em>Vo vz\u0165ahu k svojim osobn\u00fdm \u00fadajom m\u00e1te rad pr\u00e1v. Jedn\u00e1 sa o pr\u00e1vo na pr\u00edstup, opravu, vymazanie, obmedzenia spracovania, prenosite\u013enos\u0165, vznesenie n\u00e1mietky a podania s\u0165a\u017enosti.<\/em><\/p>\n\n\n\n<p>Rovnako ako my m\u00e1me svoje pr\u00e1va a povinnosti pri spracovan\u00ed va\u0161ich osobn\u00fdch \u00fadajov, m\u00e1te tie\u017e vy pri spracovan\u00ed va\u0161ich osobn\u00fdch \u00fadajov ur\u010dit\u00e9 pr\u00e1va. Medzi tieto pr\u00e1va patria:<\/p>\n\n\n\n<h4 class=\"wp-block-heading\">Pr\u00e1vo na pr\u00edstup<\/h4>\n\n\n\n<p>Zjednodu\u0161ene povedan\u00e9 m\u00e1te pr\u00e1vo vedie\u0165, ak\u00e9 \u00fadaje o v\u00e1s spracov\u00e1vame, za ak\u00fdm \u00fa\u010delom, po ak\u00fa dobu, kde va\u0161e osobn\u00e9 \u00fadaje z\u00edskavame, komu ich odovzd\u00e1vame, kto ich okrem n\u00e1s spracov\u00e1va a ak\u00e9 m\u00e1te \u010fal\u0161ie pr\u00e1va s\u00favisiace so spracovan\u00edm va\u0161ich osobn\u00fdch \u00fadajov. To v\u0161etko sa m\u00f4\u017eete dozvedie\u0165 v tomto dokumente \u201eOchrana osobn\u00fdch \u00fadajov\u201c. Ak si v\u0161ak nie ste ist\u00ed, ktor\u00e9 osobn\u00e9 \u00fadaje o v\u00e1s spracov\u00e1vame, m\u00f4\u017eete n\u00e1s po\u017eiada\u0165 o potvrdenie, \u010di osobn\u00e9 \u00fadaje, ktor\u00e9 sa v\u00e1s t\u00fdkaj\u00fa, s\u00fa alebo nie s\u00fa z na\u0161ej strany spracov\u00e1van\u00e9, a ak je to tak, m\u00e1te pr\u00e1vo z\u00edska\u0165 pr\u00edstup k t\u00fdmto osobn\u00fdm \u00fadajom. V r\u00e1mci pr\u00e1va na pr\u00edstup n\u00e1s m\u00f4\u017eete po\u017eiada\u0165 o k\u00f3piu sprac\u00favan\u00fdch osobn\u00fdch \u00fadajov. M\u00e1te pr\u00e1vo vedie\u0165, ak\u00e9 \u00fadaje o v\u00e1s zpracov\u00e1v\u00e1me, za ak\u00fdm \u00fa\u010delom.<\/p>\n\n\n\n<h4 class=\"wp-block-heading\">Pr\u00e1vo na opravu<\/h4>\n\n\n\n<p>Ak zist\u00edte, \u017ee osobn\u00e9 \u00fadaje, ktor\u00e9 o v\u00e1s spracov\u00e1vame, s\u00fa nepresn\u00e9 alebo ne\u00fapln\u00e9, m\u00e1te pr\u00e1vo na to, aby sme ich bez zbyto\u010dn\u00e9ho odkladu opravili, popr\u00edpade doplnili.<\/p>\n\n\n\n<h4 class=\"wp-block-heading\">Pr\u00e1vo na v\u00fdmaz<\/h4>\n\n\n\n<p>V niektor\u00fdch pr\u00edpadoch m\u00e1te pr\u00e1vo, aby sme va\u0161e osobn\u00e9 \u00fadaje vymazali. Va\u0161e osobn\u00e9 \u00fadaje bez zbyto\u010dn\u00e9ho odkladu vyma\u017eeme, pokia\u013e je splnen\u00fd niektor\u00fd z nasleduj\u00facich d\u00f4vodov:<\/p>\n\n\n\n<ul><li>va\u0161e osobn\u00e9 \u00fadaje u\u017e nepotrebujeme na \u00fa\u010dely, na ktor\u00e9 sme ich spracov\u00e1vali;<\/li><li>odvol\u00e1te s\u00fahlas so spracovan\u00edm osobn\u00fdch \u00fadajov, pri\u010dom sa jedn\u00e1 o \u00fadaje, na ktor\u00fdch spracovanie je v\u00e1\u0161 s\u00fahlas nevyhnutn\u00fd a z\u00e1rove\u0148 nem\u00e1me in\u00fd d\u00f4vod, pre\u010do tieto \u00fadaje potrebujeme na\u010falej spracov\u00e1va\u0165;<\/li><li>vyu\u017eijete svoje pr\u00e1vo namieta\u0165 proti spracovaniu osobn\u00fdch \u00fadajov, ktor\u00e9 spracov\u00e1vame na z\u00e1klade na\u0161ich opr\u00e1vnen\u00fdch z\u00e1ujmov a my zist\u00edme, \u017ee u\u017e \u017eiadne tak\u00e9to opr\u00e1vnen\u00e9 z\u00e1ujmy, ktor\u00e9 by toto spracovanie opr\u00e1v\u0148ovali, nem\u00e1me alebo<\/li><li>domnievate sa, \u017ee nami vykon\u00e1van\u00e9 spracovanie osobn\u00fdch \u00fadajov prestalo by\u0165 v s\u00falade so v\u0161eobecne z\u00e1v\u00e4zn\u00fdmi predpismi.<\/li><\/ul>\n\n\n\n<p>Ale majte pros\u00edm na pam\u00e4ti, \u017ee aj ke\u010f p\u00f4jde o jeden z t\u00fdchto d\u00f4vodov, neznamen\u00e1 to, \u017ee ihne\u010f zma\u017eeme v\u0161etky va\u0161e osobn\u00e9 \u00fadaje. Toto pr\u00e1vo sa toti\u017e nepovo\u013euje, ak spracovanie va\u0161ich osobn\u00fdch \u00fadajov je na\u010falej potrebn\u00e9 pre splnenie na\u0161ej pr\u00e1vnej povinnosti alebo ur\u010denie, v\u00fdkon alebo obranu na\u0161ich pr\u00e1vnych n\u00e1rokov.<\/p>\n\n\n\n<h4 class=\"wp-block-heading\">Pr\u00e1vo na obmedzenie spracovania<\/h4>\n\n\n\n<p>V niektor\u00fdch pr\u00edpadoch m\u00f4\u017eete okrem pr\u00e1va na vymazanie vyu\u017ei\u0165 pr\u00e1vo na obmedzenie spracovania osobn\u00fdch \u00fadajov. Toto pr\u00e1vo v\u00e1m umo\u017e\u0148uje v ur\u010dit\u00fdch pr\u00edpadoch po\u017eadova\u0165, aby do\u0161lo k ozna\u010deniu va\u0161ich osobn\u00fdch \u00fadajov a tieto \u00fadaje neboli predmetom \u017eiadnych \u010fal\u0161\u00edch oper\u00e1ci\u00ed spracovania \u2013 v tomto pr\u00edpade v\u0161ak nie nav\u017edy (ako v pr\u00edpade pr\u00e1va na vymazanie), ale po obmedzen\u00fa dobu. Spracovanie osobn\u00fdch \u00fadajov mus\u00edme obmedzi\u0165 ke\u010f:<\/p>\n\n\n\n<ul><li>popierate presnos\u0165 osobn\u00fdch \u00fadajov, k\u00fdm sa dohodneme, ak\u00e9 \u00fadaje s\u00fa spr\u00e1vne;<\/li><li>va\u0161e osobn\u00e9 \u00fadaje spracov\u00e1vame bez dostato\u010dn\u00e9ho pr\u00e1vneho z\u00e1kladu (napr. Nad r\u00e1mec toho, \u010do spracov\u00e1va\u0165 mus\u00edme), ale vy budete pred v\u00fdmazom tak\u00fdchto \u00fadajov uprednost\u0148ova\u0165 iba ich obmedzenie (napr. Ak o\u010dak\u00e1vate, \u017ee by ste n\u00e1m v bud\u00facnosti tak\u00e9to \u00fadaje aj tak poskytli);<\/li><li>va\u0161e osobn\u00e9 \u00fadaje u\u017e nepotrebujeme pre uveden\u00e9 \u00fa\u010dely spracovania, ale vy ich po\u017eadujete pre ur\u010denie, v\u00fdkon alebo obranu svojich pr\u00e1vnych n\u00e1rokov, alebo<\/li><li>vznesiete n\u00e1mietku proti spracovaniu. Pr\u00e1vo na n\u00e1mietku je podrobnej\u0161ie pop\u00edsan\u00e9 ni\u017e\u0161ie v kapitole Pr\u00e1vo namieta\u0165 proti spracovaniu. Po dobu, po\u010das ktorej zis\u0165ujeme, \u010di je va\u0161a n\u00e1mietka opr\u00e1vnen\u00e1, sme povinn\u00ed spracovanie va\u0161ich osobn\u00fdch \u00fadajov obmedzi\u0165.<\/li><\/ul>\n\n\n\n<h4 class=\"wp-block-heading\">Pr\u00e1vo na prenosite\u013enos\u0165<\/h4>\n\n\n\n<p>M\u00e1te pr\u00e1vo z\u00edska\u0165 od n\u00e1s v\u0161etky va\u0161e osobn\u00e9 \u00fadaje, ktor\u00e9 ste n\u00e1m vy sami poskytli a ktor\u00e9 spracov\u00e1vame na z\u00e1klade v\u00e1\u0161ho s\u00fahlasu a na z\u00e1klade plnenia zmluvy. Va\u0161e osobn\u00e9 \u00fadaje v\u00e1m poskytneme v \u0161trukt\u00farovanom, be\u017ene pou\u017e\u00edvanom a strojovo \u010ditate\u013enom form\u00e1te. Aby sme mohli na va\u0161u \u017eiados\u0165 \u00fadaje \u013eahko previes\u0165, m\u00f4\u017ee sa jedna\u0165 iba o \u00fadaje, ktor\u00e9 spracov\u00e1vame automatizovane v na\u0161ich elektronick\u00fdch datab\u00e1zach.<\/p>\n\n\n\n<h4 class=\"wp-block-heading\">Pr\u00e1vo namieta\u0165 proti spracovaniu<\/h4>\n\n\n\n<p>M\u00e1te pr\u00e1vo namieta\u0165 proti spracovaniu osobn\u00fdch \u00fadajov, ku ktor\u00e9mu doch\u00e1dza na z\u00e1klade n\u00e1\u0161ho opr\u00e1vnen\u00e9ho z\u00e1ujmu. Ak ide o marketingov\u00e9 aktivity, prestaneme va\u0161e osobn\u00e9 \u00fadaje spracov\u00e1va\u0165 bez \u010fal\u0161ieho; v ostatn\u00fdch pr\u00edpadoch tak urob\u00edme, ak nebudeme ma\u0165 z\u00e1va\u017en\u00e9 opr\u00e1vnen\u00e9 d\u00f4vody pre to, aby sme v takomto spracovan\u00ed pokra\u010dovali.<\/p>\n\n\n\n<h4 class=\"wp-block-heading\">Pr\u00e1vo poda\u0165 s\u0165a\u017enos\u0165<\/h4>\n\n\n\n<p>Uplatnen\u00edm pr\u00e1v vy\u0161\u0161ie uveden\u00fdm sp\u00f4sobom nie je nijako dotknut\u00e9 va\u0161e pr\u00e1vo poda\u0165 s\u0165a\u017enos\u0165 u pr\u00edslu\u0161n\u00e9ho dozorn\u00e9ho \u00faradu. Toto pr\u00e1vo m\u00f4\u017eete uplatni\u0165 najm\u00e4 v pr\u00edpade, \u017ee sa domnievate, \u017ee va\u0161e osobn\u00e9 \u00fadaje spracov\u00e1vame neopr\u00e1vnene alebo v rozpore so v\u0161eobecne z\u00e1v\u00e4zn\u00fdmi pr\u00e1vnymi predpismi. S\u0165a\u017enos\u0165 proti nami vykon\u00e1van\u00e9mu spracovaniu osobn\u00fdch \u00fadajov m\u00f4\u017eete poda\u0165 na&nbsp;\u201e\u00darad na ochranu osobn\u00fdch \u00fadajov Slovenskej&nbsp;republiky,&nbsp;Hrani\u010dn\u00e1 12,&nbsp;820 07 Bratislava 27,&nbsp;Slovensk\u00e1 republika<\/p>\n\n\n\n<h3 class=\"wp-block-heading\">Ako m\u00f4\u017eete uplatni\u0165 svoje pr\u00e1va?<\/h3>\n\n\n\n<p>Najr\u00fdchlej\u0161\u00ed sp\u00f4sob, ako mo\u017eno uplatni\u0165 a po\u017eiada\u0165 o v\u00fdkon pr\u00e1va je nap\u00edsa\u0165 n\u00e1m,<\/p>\n\n\n\n<p>Anna Zemanov\u00e1, Dlh\u00e1 95\/54, 935 32 Kaln\u00e1 nad Hronom<\/p>\n\n\n\n<p>alebo posla\u0165 e-mail<\/p>\n\n\n\n<p>zemanova1@azet.sk<\/p>\n\n\n\n<p>Va\u0161u \u017eiados\u0165 vybav\u00edme bez zbyto\u010dn\u00e9ho odkladu, maxim\u00e1lne v\u0161ak do jedn\u00e9ho mesiaca. Vo v\u00fdnimo\u010dn\u00fdch pr\u00edpadoch, najm\u00e4 z d\u00f4vodu zlo\u017eitosti va\u0161ej po\u017eiadavky, sme opr\u00e1vnen\u00ed t\u00fato lehotu pred\u013a\u017ei\u0165 o \u010fal\u0161ie dva mesiace. O takom pr\u00edpadnom pred\u013a\u017een\u00ed a jeho zd\u00f4vodnen\u00ed v\u00e1s samozrejme budeme informova\u0165.<\/p>\n\n\n\n<p>V Kalnej nad Hronom d\u0148a 20. j\u00fana 2022<\/p>","protected":false},"excerpt":{"rendered":"<p>Samostatne z\u00e1robkovo \u010dinn\u00e1 osoba, Anna Zemanov\u00e1, Dlh\u00e1 95\/54, 935 32 Kaln\u00e1 nad Hronom, I\u010cO: 48 219 444&nbsp;(\u010falej len&nbsp;\u201emy\u201c) venuje ochrane osobn\u00fdch \u00fadajov ve\u013ek\u00fa pozornos\u0165. V tomto dokumente n\u00e1jdete inform\u00e1cie o tom, ak\u00e9 osobn\u00e9 \u00fadaje spracov\u00e1vame najm\u00e4 o na\u0161ich z\u00e1kazn\u00edkoch a u\u017e\u00edvate\u013eoch n\u00e1\u0161ho webu, \u010di \u00fadaje spracov\u00e1vame na z\u00e1klade s\u00fahlasu alebo na z\u00e1klade in\u00e9ho pr\u00e1vneho d\u00f4vodu, [&hellip;]<\/p>","protected":false},"author":1,"featured_media":0,"parent":0,"menu_order":0,"comment_status":"closed","ping_status":"closed","template":"","meta":{"footnotes":"","_citadela_hide_page_title":"","_citadela_remove_header_space":"","_citadela_custom_class":"","_citadela_half_map_provider":"","_citadela_half_map_theme":"","_citadela_half_map_themeOSM":"","_citadela_half_map_customTheme":"","_citadela_half_map_dataType":"","_citadela_half_map_dynamicTrack":false,"_citadela_half_map_trackColor":"","_citadela_half_map_trackEndpointsColor":"","_citadela_half_map_filterCategory":"","_citadela_half_map_filterLocation":"","_citadela_half_map_filterFeatured":false,"_citadela_half_map_noDataBehavior":"empty-map","_citadela_half_map_noDataText":"","_citadela_half_map_clusterGridSize":80,"_citadela_header":false,"_citadela_header_over_content":false,"_citadela_header_text_color":"","_citadela_header_logo":[],"_citadela_header_bg_image":[],"_citadela_header_bg_position":[],"_citadela_header_bg_size":"","_citadela_header_bg_repeat":"","_citadela_header_bg_fixed":false,"_citadela_header_bg_color":"","_citadela_header_bg_image_overlay":"","_citadela_header_transparent_bg":false,"_citadela_content_width":"","_citadela_half_layout_position":""},"_links":{"self":[{"href":"https:\/\/anjelinazemi.eu\/en\/wp-json\/wp\/v2\/pages\/282"}],"collection":[{"href":"https:\/\/anjelinazemi.eu\/en\/wp-json\/wp\/v2\/pages"}],"about":[{"href":"https:\/\/anjelinazemi.eu\/en\/wp-json\/wp\/v2\/types\/page"}],"author":[{"embeddable":true,"href":"https:\/\/anjelinazemi.eu\/en\/wp-json\/wp\/v2\/users\/1"}],"replies":[{"embeddable":true,"href":"https:\/\/anjelinazemi.eu\/en\/wp-json\/wp\/v2\/comments?post=282"}],"version-history":[{"count":2,"href":"https:\/\/anjelinazemi.eu\/en\/wp-json\/wp\/v2\/pages\/282\/revisions"}],"predecessor-version":[{"id":3208,"href":"https:\/\/anjelinazemi.eu\/en\/wp-json\/wp\/v2\/pages\/282\/revisions\/3208"}],"wp:attachment":[{"href":"https:\/\/anjelinazemi.eu\/en\/wp-json\/wp\/v2\/media?parent=282"}],"curies":[{"name":"wp","href":"https:\/\/api.w.org\/{rel}","templated":true}]}}